{"id":1855,"date":"2025-10-31T11:59:26","date_gmt":"2025-10-31T08:59:26","guid":{"rendered":"https:\/\/betonmaster.md\/?post_type=product&#038;p=1855"},"modified":"2026-04-15T13:22:58","modified_gmt":"2026-04-15T10:22:58","slug":"beton-c20-25-m350","status":"publish","type":"product","link":"https:\/\/betonmaster.md\/ru\/product\/beton-c20-25-m350\/","title":{"rendered":"Beton C20\/25 (M350)"},"content":{"rendered":"<h1>Beton C20\/25 (M350) \u00een Chi\u0219in\u0103u &#8211; produc\u021bie \u0219i livrare<\/h1>\n<p><img data-recalc-dims=\"1\" fetchpriority=\"high\" decoding=\"async\" class=\"alignleft size-medium wp-image-1851\" src=\"https:\/\/i0.wp.com\/betonmaster.md\/wp-content\/uploads\/2025\/10\/m350.webp?resize=300%2C225&#038;ssl=1\" alt=\"Beton C20\/25 (M300) \u00een Chi\u0219in\u0103u - livrare BetonMaster\" width=\"300\" height=\"225\" srcset=\"https:\/\/i0.wp.com\/betonmaster.md\/wp-content\/uploads\/2025\/10\/m350.webp?resize=300%2C225&amp;ssl=1 300w, https:\/\/i0.wp.com\/betonmaster.md\/wp-content\/uploads\/2025\/10\/m350.webp?resize=768%2C576&amp;ssl=1 768w, https:\/\/i0.wp.com\/betonmaster.md\/wp-content\/uploads\/2025\/10\/m350.webp?resize=16%2C12&amp;ssl=1 16w, https:\/\/i0.wp.com\/betonmaster.md\/wp-content\/uploads\/2025\/10\/m350.webp?resize=600%2C450&amp;ssl=1 600w, https:\/\/i0.wp.com\/betonmaster.md\/wp-content\/uploads\/2025\/10\/m350.webp?w=1000&amp;ssl=1 1000w\" sizes=\"(max-width: 300px) 100vw, 300px\" \/><\/p>\n<p data-start=\"1104\" data-end=\"1389\">\u0411\u0435\u0442\u043e\u043d <strong data-start=\"1112\" data-end=\"1129\">C20\/25 (M350)<\/strong> este un amestec de calitate superioar\u0103, cu rezisten\u021b\u0103 mecanic\u0103 ridicat\u0103, potrivit pentru structuri portante, pl\u0103ci, funda\u021bii \u0219i elemente monolite. Cu o clas\u0103 de rezisten\u021b\u0103 <strong data-start=\"1302\" data-end=\"1309\">B25<\/strong>, betonul M350 asigur\u0103 durabilitate, stabilitate \u0219i impermeabilitate ridicat\u0103.<\/p>\n<p data-start=\"1391\" data-end=\"1583\">Este unul dintre cele mai utilizate tipuri de beton \u00een construc\u021biile moderne, oferind o combina\u021bie optim\u0103 \u00eentre <strong data-start=\"1503\" data-end=\"1532\">rezisten\u021b\u0103 la compresiune<\/strong>, <strong data-start=\"1534\" data-end=\"1550\">durabilitate<\/strong> \u0219i <strong data-start=\"1554\" data-end=\"1580\">u\u0219urin\u021b\u0103 \u00een prelucrare<\/strong>.<\/p>\n<p data-start=\"1585\" data-end=\"1836\"><strong data-start=\"1585\" data-end=\"1600\">BetonMaster<\/strong> produce \u0219i livreaz\u0103 \u00een Chi\u0219in\u0103u \u0219i \u00een toat\u0103 Moldova, respect\u00e2nd standardele de calitate. Fiecare lot este controlat riguros pentru a garanta omogenitatea, mobilitatea \u0219i durabilitatea amestecului.<\/p>\n<h3 data-start=\"458\" data-end=\"495\"><strong data-start=\"462\" data-end=\"495\">Parametri tehnici principali:<\/strong><\/h3>\n<ul data-start=\"497\" data-end=\"1154\">\n<li data-start=\"497\" data-end=\"705\">\n<p data-start=\"499\" data-end=\"705\"><strong data-start=\"499\" data-end=\"514\">Rezisten\u021b\u0103:<\/strong> Clas\u0103 B25 \u2014 monolit, dup\u0103 \u00eent\u0103rire complet\u0103, nu se fisureaz\u0103 sub o presiune de <strong data-start=\"602\" data-end=\"612\">25 MPa<\/strong>. Rezisten\u021ba ridicat\u0103 este asigurat\u0103 de un con\u021binut mare de ciment \u0219i agregate de calitate.<\/p>\n<\/li>\n<li data-start=\"706\" data-end=\"803\">\n<p data-start=\"708\" data-end=\"803\"><strong data-start=\"708\" data-end=\"725\">Plasticitate:<\/strong> P2\u2013P4 \u2014 valoarea poate fi crescut\u0103 prin ad\u0103ugarea de plastifian\u021bi speciali.<\/p>\n<\/li>\n<li data-start=\"804\" data-end=\"950\">\n<p data-start=\"806\" data-end=\"950\"><strong data-start=\"806\" data-end=\"827\">Impermeabilitate:<\/strong> W8 \u2014 datorit\u0103 structurii dense, betonul absoarbe foarte pu\u021bin\u0103 ap\u0103; \u00een masa \u00eent\u0103rit\u0103 nu exist\u0103 pori sau cavit\u0103\u021bi de aer.<\/p>\n<\/li>\n<li data-start=\"951\" data-end=\"997\">\n<p data-start=\"953\" data-end=\"997\"><strong data-start=\"953\" data-end=\"967\">Densitate:<\/strong> aproximativ <strong data-start=\"980\" data-end=\"994\">2450 kg\/m\u00b3<\/strong>.<\/p>\n<\/li>\n<li data-start=\"998\" data-end=\"1154\">\n<p data-start=\"1000\" data-end=\"1154\"><strong data-start=\"1000\" data-end=\"1025\">Rezisten\u021b\u0103 la \u00eenghe\u021b:<\/strong> F200 \u2014 betonul poate suporta peste <strong data-start=\"1061\" data-end=\"1097\">200 de cicluri de \u00eenghe\u021b\u2013dezghe\u021b<\/strong> f\u0103r\u0103 pierderea propriet\u0103\u021bilor fizice sau a aspectului.<\/p>\n<\/li>\n<\/ul>\n<hr data-start=\"1156\" data-end=\"1159\" \/>\n<h3 data-start=\"1161\" data-end=\"1209\"><strong data-start=\"1165\" data-end=\"1209\">Domenii de utilizare ale betonului M350:<\/strong><\/h3>\n<p data-start=\"1211\" data-end=\"1391\">Beton M350 este foarte solicitat \u00een construc\u021biile industriale \u0219i civile, unde este necesar\u0103 o rezisten\u021b\u0103 superioar\u0103 la sarcini \u0219i condi\u021bii de mediu dure.<br data-start=\"1366\" data-end=\"1369\" \/>Se folose\u0219te pentru:<\/p>\n<ul data-start=\"1393\" data-end=\"1760\">\n<li data-start=\"1393\" data-end=\"1501\">\n<p data-start=\"1395\" data-end=\"1501\">Turnarea funda\u021biilor tip <strong data-start=\"1420\" data-end=\"1429\">band\u0103<\/strong> \u0438\u043b\u0438 <strong data-start=\"1434\" data-end=\"1443\">plac\u0103<\/strong> pentru cl\u0103diri grele \u0219i construc\u021bii cu mai multe etaje;<\/p>\n<\/li>\n<li data-start=\"1502\" data-end=\"1561\">\n<p data-start=\"1504\" data-end=\"1561\">Realizarea <strong data-start=\"1515\" data-end=\"1528\">pilo\u021bilor<\/strong> \u0219i a bazelor tip <strong data-start=\"1546\" data-end=\"1558\">rostverc<\/strong>;<\/p>\n<\/li>\n<li data-start=\"1562\" data-end=\"1631\">\n<p data-start=\"1564\" data-end=\"1631\">Construc\u021bia <strong data-start=\"1576\" data-end=\"1611\">drumurilor auto \u0219i platformelor<\/strong> cu trafic intens;<\/p>\n<\/li>\n<li data-start=\"1632\" data-end=\"1687\">\n<p data-start=\"1634\" data-end=\"1687\"><strong data-start=\"1634\" data-end=\"1662\">Construc\u021bii reziden\u021biale<\/strong> \u2013 case, garaje, anexe;<\/p>\n<\/li>\n<li data-start=\"1688\" data-end=\"1760\">\n<p data-start=\"1690\" data-end=\"1760\">Producerea <strong data-start=\"1701\" data-end=\"1726\">structurilor monolite<\/strong> \u0219i elementelor din beton armat.<\/p>\n<\/li>\n<\/ul>\n<hr data-start=\"1762\" data-end=\"1765\" \/>\n<h3 data-start=\"1767\" data-end=\"1816\"><strong data-start=\"1771\" data-end=\"1816\">Compozi\u021bia \u0219i propor\u021biile betonului M350:<\/strong><\/h3>\n<p data-start=\"1818\" data-end=\"2036\">Prepararea corect\u0103 a amestecului este esen\u021bial\u0103 pentru ob\u021binerea caracteristicilor tehnice dorite.<br data-start=\"1916\" data-end=\"1919\" \/>Ad\u0103ugarea aditivilor trebuie f\u0103cut\u0103 cu aten\u021bie, \u00eentruc\u00e2t o cantitate prea mare poate deteriora calitatea betonului.<\/p>\n<p data-start=\"2038\" data-end=\"2064\"><strong data-start=\"2038\" data-end=\"2064\">Componente principale:<\/strong><\/p>\n<ul data-start=\"2065\" data-end=\"2559\">\n<li data-start=\"2065\" data-end=\"2178\">\n<p data-start=\"2067\" data-end=\"2178\"><strong data-start=\"2067\" data-end=\"2078\">Ciment:<\/strong> Portland M400 \u2014 ciment de \u00eenalt\u0103 rezisten\u021b\u0103, care asigur\u0103 ob\u021binerea unui monolit dens \u0219i durabil;<\/p>\n<\/li>\n<li data-start=\"2179\" data-end=\"2338\">\n<p data-start=\"2181\" data-end=\"2338\"><strong data-start=\"2181\" data-end=\"2194\">Agregate:<\/strong> nisip (de r\u00e2u sau de carier\u0103, cur\u0103\u021bat de impurit\u0103\u021bi) \u0219i pietri\u0219 \u2014 poate fi \u00eenlocuit cu <strong data-start=\"2282\" data-end=\"2311\">granit de frac\u021biune medie<\/strong> \u0438\u043b\u0438 <strong data-start=\"2316\" data-end=\"2335\">calcar m\u0103run\u021bit<\/strong>;<\/p>\n<\/li>\n<li data-start=\"2339\" data-end=\"2422\">\n<p data-start=\"2341\" data-end=\"2422\"><strong data-start=\"2341\" data-end=\"2349\">Ap\u0103:<\/strong> se adaug\u0103 treptat, pentru a ob\u021bine o consisten\u021b\u0103 omogen\u0103 f\u0103r\u0103 bulg\u0103ri;<\/p>\n<\/li>\n<li data-start=\"2423\" data-end=\"2559\">\n<p data-start=\"2425\" data-end=\"2559\"><strong data-start=\"2425\" data-end=\"2437\">Aditivi:<\/strong> plastifian\u021bi (pentru cre\u0219terea lucrabilit\u0103\u021bii) \u0219i aditivi antigel (pentru turnarea \u00een condi\u021bii de temperatur\u0103 sc\u0103zut\u0103).<\/p>\n<\/li>\n<\/ul>\n<p data-start=\"2561\" data-end=\"2768\" data-is-last-node=\"\" data-is-only-node=\"\">M350 produs industrial \u00een sta\u021biile BetonMaster este preparat conform standartelor, garant\u00e2nd o compozi\u021bie echilibrat\u0103, densitate ridicat\u0103 \u0219i rezisten\u021b\u0103 superioar\u0103 la \u00eenghe\u021b \u0219i ap\u0103.<\/p>\n<p>Verifica si alte <a href=\"https:\/\/betonmaster.md\/ru\/product-category\/beton\/\">tipuri de beton<\/a><br \/>\nConfrom standartele EU <a href=\"https:\/\/ru.scribd.com\/document\/836439172\/BS-EN-206-1-200\" target=\"_blank\" rel=\"noopener\">EN-206<\/a><\/p>","protected":false},"excerpt":{"rendered":"<p>Beton C20\/25 (M300) &#8211; amestec de \u00eenalt\u0103 rezisten\u021b\u0103 pentru funda\u021bii, pl\u0103ci \u0219i structuri din beton armat. Livrare rapid\u0103 \u00een Chi\u0219in\u0103u \u0219i toat\u0103 Moldova.<\/p>","protected":false},"featured_media":1851,"template":"","meta":{"site-sidebar-layout":"default","site-content-layout":"","ast-site-content-layout":"default","site-content-style":"default","site-sidebar-style":"default","ast-global-header-display":"","ast-banner-title-visibility":"","ast-main-header-display":"","ast-hfb-above-header-display":"","ast-hfb-below-header-display":"","ast-hfb-mobile-header-display":"","site-post-title":"","ast-breadcrumbs-content":"","ast-featured-img":"","footer-sml-layout":"","ast-disable-related-posts":"","theme-transparent-header-meta":"","adv-header-id-meta":"","stick-header-meta":"","header-above-stick-meta":"","header-main-stick-meta":"","header-below-stick-meta":"","astra-migrate-meta-layouts":"default","ast-page-background-enabled":"default","ast-page-background-meta":{"desktop":{"background-color":"","background-image":"","background-repeat":"repeat","background-position":"center center","background-size":"auto","background-attachment":"scroll","background-type":"","background-media":"","overlay-type":"","overlay-color":"","overlay-opacity":"","overlay-gradient":""},"tablet":{"background-color":"","background-image":"","background-repeat":"repeat","background-position":"center center","background-size":"auto","background-attachment":"scroll","background-type":"","background-media":"","overlay-type":"","overlay-color":"","overlay-opacity":"","overlay-gradient":""},"mobile":{"background-color":"","background-image":"","background-repeat":"repeat","background-position":"center center","background-size":"auto","background-attachment":"scroll","background-type":"","background-media":"","overlay-type":"","overlay-color":"","overlay-opacity":"","overlay-gradient":""}},"ast-content-background-meta":{"desktop":{"background-color":"var(--ast-global-color-5)","background-image":"","background-repeat":"repeat","background-position":"center center","background-size":"auto","background-attachment":"scroll","background-type":"","background-media":"","overlay-type":"","overlay-color":"","overlay-opacity":"","overlay-gradient":""},"tablet":{"background-color":"var(--ast-global-color-5)","background-image":"","background-repeat":"repeat","background-position":"center center","background-size":"auto","background-attachment":"scroll","background-type":"","background-media":"","overlay-type":"","overlay-color":"","overlay-opacity":"","overlay-gradient":""},"mobile":{"background-color":"var(--ast-global-color-5)","background-image":"","background-repeat":"repeat","background-position":"center center","background-size":"auto","background-attachment":"scroll","background-type":"","background-media":"","overlay-type":"","overlay-color":"","overlay-opacity":"","overlay-gradient":""}}},"product_brand":[],"product_cat":[43],"product_tag":[],"class_list":{"0":"post-1855","1":"product","2":"type-product","3":"status-publish","4":"has-post-thumbnail","6":"product_cat-beton","7":"desktop-align-left","8":"tablet-align-left","9":"mobile-align-left","11":"first","12":"instock","13":"shipping-taxable","14":"purchasable","15":"product-type-simple"},"jetpack_sharing_enabled":true,"_links":{"self":[{"href":"https:\/\/betonmaster.md\/ru\/wp-json\/wp\/v2\/product\/1855","targetHints":{"allow":["GET"]}}],"collection":[{"href":"https:\/\/betonmaster.md\/ru\/wp-json\/wp\/v2\/product"}],"about":[{"href":"https:\/\/betonmaster.md\/ru\/wp-json\/wp\/v2\/types\/product"}],"wp:featuredmedia":[{"embeddable":true,"href":"https:\/\/betonmaster.md\/ru\/wp-json\/wp\/v2\/media\/1851"}],"wp:attachment":[{"href":"https:\/\/betonmaster.md\/ru\/wp-json\/wp\/v2\/media?parent=1855"}],"wp:term":[{"taxonomy":"product_brand","embeddable":true,"href":"https:\/\/betonmaster.md\/ru\/wp-json\/wp\/v2\/product_brand?post=1855"},{"taxonomy":"product_cat","embeddable":true,"href":"https:\/\/betonmaster.md\/ru\/wp-json\/wp\/v2\/product_cat?post=1855"},{"taxonomy":"product_tag","embeddable":true,"href":"https:\/\/betonmaster.md\/ru\/wp-json\/wp\/v2\/product_tag?post=1855"}],"curies":[{"name":"wp","href":"https:\/\/api.w.org\/{rel}","templated":true}]}}