{"id":1854,"date":"2025-10-31T11:51:07","date_gmt":"2025-10-31T08:51:07","guid":{"rendered":"https:\/\/betonmaster.md\/?post_type=product&#038;p=1854"},"modified":"2026-04-15T13:23:13","modified_gmt":"2026-04-15T10:23:13","slug":"beton-c16-20-m250","status":"publish","type":"product","link":"https:\/\/betonmaster.md\/ru\/product\/beton-c16-20-m250\/","title":{"rendered":"Beton C16\/20 (M250)"},"content":{"rendered":"<h2>Beton C16\/20 (M250) \u00een Chi\u0219in\u0103u \u2014 produc\u021bie \u0219i livrare BetonMaster<\/h2>\n<p><img data-recalc-dims=\"1\" fetchpriority=\"high\" decoding=\"async\" class=\"alignleft size-medium wp-image-1850\" src=\"https:\/\/i0.wp.com\/betonmaster.md\/wp-content\/uploads\/2025\/10\/m250.webp?resize=300%2C225&#038;ssl=1\" alt=\"Beton C16\/20 (M250) \u00een Chi\u0219in\u0103u \u2014 livrare BetonMaster\" width=\"300\" height=\"225\" srcset=\"https:\/\/i0.wp.com\/betonmaster.md\/wp-content\/uploads\/2025\/10\/m250.webp?resize=300%2C225&amp;ssl=1 300w, https:\/\/i0.wp.com\/betonmaster.md\/wp-content\/uploads\/2025\/10\/m250.webp?resize=768%2C576&amp;ssl=1 768w, https:\/\/i0.wp.com\/betonmaster.md\/wp-content\/uploads\/2025\/10\/m250.webp?resize=16%2C12&amp;ssl=1 16w, https:\/\/i0.wp.com\/betonmaster.md\/wp-content\/uploads\/2025\/10\/m250.webp?resize=600%2C450&amp;ssl=1 600w, https:\/\/i0.wp.com\/betonmaster.md\/wp-content\/uploads\/2025\/10\/m250.webp?w=1000&amp;ssl=1 1000w\" sizes=\"(max-width: 300px) 100vw, 300px\" \/><\/p>\n<p data-start=\"54\" data-end=\"322\">Beton M250 este un amestec pe baz\u0103 de ciment, ob\u021binut prin combinarea \u00een propor\u021bii precise a materialelor minerale. Atunci c\u00e2nd tehnologia de produc\u021bie este respectat\u0103, amestecul rezultat corespunde perfect parametrilor prev\u0103zu\u021bi \u00een standardele. <strong data-start=\"1515\" data-end=\"1530\">BetonMaster<\/strong> produce \u0219i livreaz\u0103 beton C16\/20 \u00een Chi\u0219in\u0103u \u0219i \u00een \u00eentreaga Moldov\u0103,<\/p>\n<p data-start=\"324\" data-end=\"652\">Principalul indicator al acestui tip de beton este <strong data-start=\"375\" data-end=\"389\">rezisten\u021ba<\/strong>, care determin\u0103 domeniul de utilizare \u0219i calitatea \u00een exploatare. Pentru evaluarea rezisten\u021bei se testeaz\u0103 un fragment de piatr\u0103 de ciment supus presiunii. \u00cen cazul betonului M250, valoarea ob\u021binut\u0103 corespunde unei <strong data-start=\"605\" data-end=\"649\">rezisten\u021be la compresiune de 262 kgf\/cm\u00b2<\/strong>.<\/p>\n<p data-start=\"654\" data-end=\"963\">Betonul M250 are o <strong data-start=\"673\" data-end=\"705\">impermeabilitate de nivel W6<\/strong>, ce poate fi \u00eembun\u0103t\u0103\u021bit\u0103 prin ad\u0103ugarea de aditivi speciali. Densitatea sa este de aproximativ <strong data-start=\"802\" data-end=\"816\">2350 kg\/m\u00b3<\/strong>, ceea ce \u00eel face un material relativ greu. Densitatea final\u0103 depinde de tipul de agregate utilizate, gradul de compactare \u0219i m\u0103rimea granulelor.<\/p>\n<h3 data-start=\"970\" data-end=\"1017\"><strong data-start=\"974\" data-end=\"1017\">Caracteristici ale betonului M250:<\/strong><\/h3>\n<ul data-start=\"1018\" data-end=\"1494\">\n<li data-start=\"1018\" data-end=\"1123\">\n<p data-start=\"1020\" data-end=\"1123\"><strong data-start=\"1020\" data-end=\"1030\">Clas\u0103:<\/strong> B20 (echivalent C16\/20), corespunz\u0103toare unei rezisten\u021be la compresiune de 200\u2013262 kgf\/cm\u00b2<\/p>\n<\/li>\n<li data-start=\"1124\" data-end=\"1207\">\n<p data-start=\"1126\" data-end=\"1207\"><strong data-start=\"1126\" data-end=\"1151\">Rezisten\u021b\u0103 la \u00eenghe\u021b:<\/strong> F100\u2013F150 (suport\u0103 100\u2013150 cicluri de \u00eenghe\u021b\u2013dezghe\u021b)<\/p>\n<\/li>\n<li data-start=\"1208\" data-end=\"1295\">\n<p data-start=\"1210\" data-end=\"1295\"><strong data-start=\"1210\" data-end=\"1225\">Mobilitate:<\/strong> P2\u2013P4, influen\u021beaz\u0103 u\u0219urin\u021ba de turnare \u0219i prelucrare a amestecului<\/p>\n<\/li>\n<li data-start=\"1296\" data-end=\"1398\">\n<p data-start=\"1298\" data-end=\"1398\"><strong data-start=\"1298\" data-end=\"1311\">Greutate:<\/strong> aproximativ 2300 kg\/m\u00b3, \u00een func\u021bie de compozi\u021bia amestecului \u0219i de tipul agregatelor<\/p>\n<\/li>\n<li data-start=\"1399\" data-end=\"1428\">\n<p data-start=\"1401\" data-end=\"1428\"><strong data-start=\"1401\" data-end=\"1415\">Densitate:<\/strong> 2350 kg\/m\u00b3<\/p>\n<\/li>\n<li data-start=\"1429\" data-end=\"1457\">\n<p data-start=\"1431\" data-end=\"1457\"><strong data-start=\"1431\" data-end=\"1452\">Impermeabilitate:<\/strong> W6<\/p>\n<\/li>\n<li data-start=\"1458\" data-end=\"1494\">\n<p data-start=\"1460\" data-end=\"1494\"><strong data-start=\"1460\" data-end=\"1481\">Timp de \u00eent\u0103rire:<\/strong> 15\u201328 zile<\/p>\n<\/li>\n<\/ul>\n<hr data-start=\"1496\" data-end=\"1499\" \/>\n<h3 data-start=\"1501\" data-end=\"1527\"><strong data-start=\"1505\" data-end=\"1527\">Aspecte economice:<\/strong><\/h3>\n<p data-start=\"1528\" data-end=\"1916\">Pre\u021bul betonului M250 poate varia \u00een func\u021bie de produc\u0103tor, regiune \u0219i caracteristicile tehnice, situ\u00e2ndu-se de obicei \u00eentre <strong data-start=\"1653\" data-end=\"1678\">4000 \u0219i 4500 ruble\/m\u00b3<\/strong> (echivalent aproximativ <strong data-start=\"1703\" data-end=\"1723\">1700\u20131900 MDL\/m\u00b3<\/strong>).<br data-start=\"1725\" data-end=\"1728\" \/>Prepararea manual\u0103 a betonului este mai ieftin\u0103, deoarece elimin\u0103 costurile legate de for\u021ba de munc\u0103, amortizare \u0219i taxe, \u00eens\u0103 calitatea \u0219i uniformitatea pot fi mai dificil de controlat.<\/p>\n<p data-start=\"1918\" data-end=\"2025\" data-is-last-node=\"\" data-is-only-node=\"\">To\u021bi ace\u0219ti factori trebuie lua\u021bi \u00een considerare la alegerea betonului M250 pentru proiecte de construc\u021bii.<\/p>\n<p data-start=\"1515\" data-end=\"1758\">\n<p data-start=\"1515\" data-end=\"1758\">\n<p data-start=\"1515\" data-end=\"1758\">","protected":false},"excerpt":{"rendered":"<p>Beton C16\/20 (M250) \u2014 amestec rezistent \u0219i versatil pentru funda\u021bii, platforme \u0219i structuri monolite. Livrare rapid\u0103 \u00een Chi\u0219in\u0103u \u0219i toat\u0103 Moldova.<\/p>","protected":false},"featured_media":1850,"template":"","meta":{"site-sidebar-layout":"default","site-content-layout":"","ast-site-content-layout":"default","site-content-style":"default","site-sidebar-style":"default","ast-global-header-display":"","ast-banner-title-visibility":"","ast-main-header-display":"","ast-hfb-above-header-display":"","ast-hfb-below-header-display":"","ast-hfb-mobile-header-display":"","site-post-title":"","ast-breadcrumbs-content":"","ast-featured-img":"","footer-sml-layout":"","ast-disable-related-posts":"","theme-transparent-header-meta":"","adv-header-id-meta":"","stick-header-meta":"","header-above-stick-meta":"","header-main-stick-meta":"","header-below-stick-meta":"","astra-migrate-meta-layouts":"default","ast-page-background-enabled":"default","ast-page-background-meta":{"desktop":{"background-color":"","background-image":"","background-repeat":"repeat","background-position":"center center","background-size":"auto","background-attachment":"scroll","background-type":"","background-media":"","overlay-type":"","overlay-color":"","overlay-opacity":"","overlay-gradient":""},"tablet":{"background-color":"","background-image":"","background-repeat":"repeat","background-position":"center center","background-size":"auto","background-attachment":"scroll","background-type":"","background-media":"","overlay-type":"","overlay-color":"","overlay-opacity":"","overlay-gradient":""},"mobile":{"background-color":"","background-image":"","background-repeat":"repeat","background-position":"center center","background-size":"auto","background-attachment":"scroll","background-type":"","background-media":"","overlay-type":"","overlay-color":"","overlay-opacity":"","overlay-gradient":""}},"ast-content-background-meta":{"desktop":{"background-color":"var(--ast-global-color-5)","background-image":"","background-repeat":"repeat","background-position":"center center","background-size":"auto","background-attachment":"scroll","background-type":"","background-media":"","overlay-type":"","overlay-color":"","overlay-opacity":"","overlay-gradient":""},"tablet":{"background-color":"var(--ast-global-color-5)","background-image":"","background-repeat":"repeat","background-position":"center center","background-size":"auto","background-attachment":"scroll","background-type":"","background-media":"","overlay-type":"","overlay-color":"","overlay-opacity":"","overlay-gradient":""},"mobile":{"background-color":"var(--ast-global-color-5)","background-image":"","background-repeat":"repeat","background-position":"center center","background-size":"auto","background-attachment":"scroll","background-type":"","background-media":"","overlay-type":"","overlay-color":"","overlay-opacity":"","overlay-gradient":""}}},"product_brand":[],"product_cat":[43],"product_tag":[],"class_list":{"0":"post-1854","1":"product","2":"type-product","3":"status-publish","4":"has-post-thumbnail","6":"product_cat-beton","7":"desktop-align-left","8":"tablet-align-left","9":"mobile-align-left","11":"first","12":"instock","13":"shipping-taxable","14":"purchasable","15":"product-type-simple"},"jetpack_sharing_enabled":true,"_links":{"self":[{"href":"https:\/\/betonmaster.md\/ru\/wp-json\/wp\/v2\/product\/1854","targetHints":{"allow":["GET"]}}],"collection":[{"href":"https:\/\/betonmaster.md\/ru\/wp-json\/wp\/v2\/product"}],"about":[{"href":"https:\/\/betonmaster.md\/ru\/wp-json\/wp\/v2\/types\/product"}],"wp:featuredmedia":[{"embeddable":true,"href":"https:\/\/betonmaster.md\/ru\/wp-json\/wp\/v2\/media\/1850"}],"wp:attachment":[{"href":"https:\/\/betonmaster.md\/ru\/wp-json\/wp\/v2\/media?parent=1854"}],"wp:term":[{"taxonomy":"product_brand","embeddable":true,"href":"https:\/\/betonmaster.md\/ru\/wp-json\/wp\/v2\/product_brand?post=1854"},{"taxonomy":"product_cat","embeddable":true,"href":"https:\/\/betonmaster.md\/ru\/wp-json\/wp\/v2\/product_cat?post=1854"},{"taxonomy":"product_tag","embeddable":true,"href":"https:\/\/betonmaster.md\/ru\/wp-json\/wp\/v2\/product_tag?post=1854"}],"curies":[{"name":"wp","href":"https:\/\/api.w.org\/{rel}","templated":true}]}}