{"id":1853,"date":"2025-10-31T11:42:42","date_gmt":"2025-10-31T08:42:42","guid":{"rendered":"https:\/\/betonmaster.md\/?post_type=product&#038;p=1853"},"modified":"2026-04-15T13:23:29","modified_gmt":"2026-04-15T10:23:29","slug":"beton-c12-15-m200","status":"publish","type":"product","link":"https:\/\/betonmaster.md\/ru\/product\/beton-c12-15-m200\/","title":{"rendered":"Beton C12\/15 (M200)"},"content":{"rendered":"<h2>Beton C12\/15 (M200) \u00een Chi\u0219in\u0103u \u2014 produc\u021bie \u0219i livrare BetonMaster<\/h2>\n<p><img data-recalc-dims=\"1\" fetchpriority=\"high\" decoding=\"async\" class=\"alignleft size-medium wp-image-1849\" src=\"https:\/\/i0.wp.com\/betonmaster.md\/wp-content\/uploads\/2025\/10\/m200.webp?resize=300%2C225&#038;ssl=1\" alt=\"Beton M200 (C12\/15) \u00een Chi\u0219in\u0103u \u2014 livrare BetonMaster\" width=\"300\" height=\"225\" srcset=\"https:\/\/i0.wp.com\/betonmaster.md\/wp-content\/uploads\/2025\/10\/m200.webp?resize=300%2C225&amp;ssl=1 300w, https:\/\/i0.wp.com\/betonmaster.md\/wp-content\/uploads\/2025\/10\/m200.webp?resize=768%2C576&amp;ssl=1 768w, https:\/\/i0.wp.com\/betonmaster.md\/wp-content\/uploads\/2025\/10\/m200.webp?resize=16%2C12&amp;ssl=1 16w, https:\/\/i0.wp.com\/betonmaster.md\/wp-content\/uploads\/2025\/10\/m200.webp?resize=600%2C450&amp;ssl=1 600w, https:\/\/i0.wp.com\/betonmaster.md\/wp-content\/uploads\/2025\/10\/m200.webp?w=1000&amp;ssl=1 1000w\" sizes=\"(max-width: 300px) 100vw, 300px\" \/>Beton C12\/15 (M200) este un material de construc\u021bie fiabil, cu clas\u0103 de rezisten\u021b\u0103 <strong data-start=\"3920\" data-end=\"3927\">B15<\/strong> \u0219i densitate de p\u00e2n\u0103 la 2400 kg\/m\u00b3. Ideal pentru funda\u021bii, podele, sc\u0103ri \u0219i structuri cu sarcin\u0103 medie.<br data-start=\"4031\" data-end=\"4034\" \/><strong data-start=\"4034\" data-end=\"4049\">BetonMaster<\/strong> produce \u0219i livreaz\u0103 beton M200 \u00een Chi\u0219in\u0103u \u0219i \u00een toat\u0103 Moldova, garant\u00e2nd respectarea strict\u0103 a propor\u021biilor \u0219i a standardelor de calitate.<\/p>\n<p>&nbsp;<\/p>\n<p data-start=\"45\" data-end=\"90\">\n<p data-start=\"45\" data-end=\"90\">\n<p data-start=\"45\" data-end=\"90\">\n<p data-start=\"45\" data-end=\"90\"><strong data-start=\"45\" data-end=\"88\">Indicatori tehnici ai amestecului M200:<\/strong><\/p>\n<ul data-start=\"91\" data-end=\"481\">\n<li data-start=\"91\" data-end=\"137\">\n<p data-start=\"93\" data-end=\"137\">Clasa de rezisten\u021b\u0103 <strong data-start=\"113\" data-end=\"134\">B15 (196 kgf\/cm\u00b2)<\/strong>;<\/p>\n<\/li>\n<li data-start=\"138\" data-end=\"269\">\n<p data-start=\"140\" data-end=\"269\">Densitatea amestecului cu agregate u\u0219oare (argil\u0103 expandat\u0103) \u2013 <strong data-start=\"203\" data-end=\"217\">1600 kg\/m\u00b3<\/strong>, iar cu agregate grele (granit) \u2013 <strong data-start=\"252\" data-end=\"266\">2400 kg\/m\u00b3<\/strong>;<\/p>\n<\/li>\n<li data-start=\"270\" data-end=\"318\">\n<p data-start=\"272\" data-end=\"318\">Greutatea unui metru cub \u2013 <strong data-start=\"299\" data-end=\"315\">2300\u20132400 kg<\/strong>;<\/p>\n<\/li>\n<li data-start=\"319\" data-end=\"373\">\n<p data-start=\"321\" data-end=\"373\">Mobilitate <strong data-start=\"332\" data-end=\"341\">P2\u2013P4<\/strong>, tasarea conului <strong data-start=\"359\" data-end=\"370\">5\u201320 cm<\/strong>;<\/p>\n<\/li>\n<li data-start=\"374\" data-end=\"412\">\n<p data-start=\"376\" data-end=\"412\">Rezisten\u021b\u0103 la \u00eenghe\u021b <strong data-start=\"397\" data-end=\"409\">F50\u2013F150<\/strong>;<\/p>\n<\/li>\n<li data-start=\"413\" data-end=\"444\">\n<p data-start=\"415\" data-end=\"444\">Impermeabilitate <strong data-start=\"432\" data-end=\"441\">W2\u2013W4<\/strong>;<\/p>\n<\/li>\n<li data-start=\"445\" data-end=\"481\">\n<p data-start=\"447\" data-end=\"481\">Timp de \u00eent\u0103rire <strong data-start=\"464\" data-end=\"478\">15\u201328 zile<\/strong>.<\/p>\n<\/li>\n<\/ul>\n<p data-start=\"483\" data-end=\"630\">Aditivii plastifian\u021bi \u0219i substan\u021bele speciale pot \u00eembun\u0103t\u0103\u021bi performan\u021bele tehnice ale amestecului de beton \u0219i pot \u00eencetini procesul de \u00eent\u0103rire.<\/p>\n<hr data-start=\"632\" data-end=\"635\" \/>\n<p data-start=\"637\" data-end=\"682\"><strong data-start=\"637\" data-end=\"680\">Domenii de utilizare ale betonului M200<\/strong><\/p>\n<p data-start=\"684\" data-end=\"910\">Beton M200 este un material versatil, potrivit pentru majoritatea lucr\u0103rilor de construc\u021bie. Domeniul de utilizare depinde de compozi\u021bia corect\u0103, respectarea tehnologiei \u0219i omogenitatea amestecului. Principalele aplica\u021bii:<\/p>\n<ul data-start=\"912\" data-end=\"1243\" data-is-last-node=\"\" data-is-only-node=\"\">\n<li data-start=\"912\" data-end=\"1012\">\n<p data-start=\"914\" data-end=\"1012\">Turnarea funda\u021biilor tip plac\u0103, band\u0103 sau pilo\u021bi\u2013grinzi (pentru construc\u021bii de p\u00e2n\u0103 la 3 etaje);<\/p>\n<\/li>\n<li data-start=\"1013\" data-end=\"1064\">\n<p data-start=\"1015\" data-end=\"1064\">\u0218ape pentru case, garaje \u0219i anexe gospod\u0103re\u0219ti;<\/p>\n<\/li>\n<li data-start=\"1065\" data-end=\"1105\">\n<p data-start=\"1067\" data-end=\"1105\">Netezirea \u0219i nivelarea suprafe\u021belor;<\/p>\n<\/li>\n<li data-start=\"1106\" data-end=\"1161\">\n<p data-start=\"1108\" data-end=\"1161\">Turnarea structurilor din beton armat, trotuarelor;<\/p>\n<\/li>\n<li data-start=\"1162\" data-end=\"1243\" data-is-last-node=\"\">\n<p data-start=\"1164\" data-end=\"1243\" data-is-last-node=\"\">Construc\u021bia zonelor de protec\u021bie (rigole), sc\u0103rilor, pridvoarelor \u0219i pere\u021bilor.<\/p>\n<\/li>\n<\/ul>","protected":false},"excerpt":{"rendered":"<p>Beton C12\/15 (M200) \u2014 solu\u021bie solid\u0103 pentru funda\u021bii, podele \u0219i sc\u0103ri. Livrare rapid\u0103 \u00een Chi\u0219in\u0103u \u0219i toat\u0103 Moldova<\/p>","protected":false},"featured_media":1849,"template":"","meta":{"site-sidebar-layout":"default","site-content-layout":"","ast-site-content-layout":"default","site-content-style":"default","site-sidebar-style":"default","ast-global-header-display":"","ast-banner-title-visibility":"","ast-main-header-display":"","ast-hfb-above-header-display":"","ast-hfb-below-header-display":"","ast-hfb-mobile-header-display":"","site-post-title":"","ast-breadcrumbs-content":"","ast-featured-img":"","footer-sml-layout":"","ast-disable-related-posts":"","theme-transparent-header-meta":"","adv-header-id-meta":"","stick-header-meta":"","header-above-stick-meta":"","header-main-stick-meta":"","header-below-stick-meta":"","astra-migrate-meta-layouts":"default","ast-page-background-enabled":"default","ast-page-background-meta":{"desktop":{"background-color":"","background-image":"","background-repeat":"repeat","background-position":"center center","background-size":"auto","background-attachment":"scroll","background-type":"","background-media":"","overlay-type":"","overlay-color":"","overlay-opacity":"","overlay-gradient":""},"tablet":{"background-color":"","background-image":"","background-repeat":"repeat","background-position":"center center","background-size":"auto","background-attachment":"scroll","background-type":"","background-media":"","overlay-type":"","overlay-color":"","overlay-opacity":"","overlay-gradient":""},"mobile":{"background-color":"","background-image":"","background-repeat":"repeat","background-position":"center center","background-size":"auto","background-attachment":"scroll","background-type":"","background-media":"","overlay-type":"","overlay-color":"","overlay-opacity":"","overlay-gradient":""}},"ast-content-background-meta":{"desktop":{"background-color":"var(--ast-global-color-5)","background-image":"","background-repeat":"repeat","background-position":"center center","background-size":"auto","background-attachment":"scroll","background-type":"","background-media":"","overlay-type":"","overlay-color":"","overlay-opacity":"","overlay-gradient":""},"tablet":{"background-color":"var(--ast-global-color-5)","background-image":"","background-repeat":"repeat","background-position":"center center","background-size":"auto","background-attachment":"scroll","background-type":"","background-media":"","overlay-type":"","overlay-color":"","overlay-opacity":"","overlay-gradient":""},"mobile":{"background-color":"var(--ast-global-color-5)","background-image":"","background-repeat":"repeat","background-position":"center center","background-size":"auto","background-attachment":"scroll","background-type":"","background-media":"","overlay-type":"","overlay-color":"","overlay-opacity":"","overlay-gradient":""}}},"product_brand":[],"product_cat":[43],"product_tag":[],"class_list":{"0":"post-1853","1":"product","2":"type-product","3":"status-publish","4":"has-post-thumbnail","6":"product_cat-beton","7":"desktop-align-left","8":"tablet-align-left","9":"mobile-align-left","11":"first","12":"instock","13":"shipping-taxable","14":"purchasable","15":"product-type-simple"},"jetpack_sharing_enabled":true,"_links":{"self":[{"href":"https:\/\/betonmaster.md\/ru\/wp-json\/wp\/v2\/product\/1853","targetHints":{"allow":["GET"]}}],"collection":[{"href":"https:\/\/betonmaster.md\/ru\/wp-json\/wp\/v2\/product"}],"about":[{"href":"https:\/\/betonmaster.md\/ru\/wp-json\/wp\/v2\/types\/product"}],"wp:featuredmedia":[{"embeddable":true,"href":"https:\/\/betonmaster.md\/ru\/wp-json\/wp\/v2\/media\/1849"}],"wp:attachment":[{"href":"https:\/\/betonmaster.md\/ru\/wp-json\/wp\/v2\/media?parent=1853"}],"wp:term":[{"taxonomy":"product_brand","embeddable":true,"href":"https:\/\/betonmaster.md\/ru\/wp-json\/wp\/v2\/product_brand?post=1853"},{"taxonomy":"product_cat","embeddable":true,"href":"https:\/\/betonmaster.md\/ru\/wp-json\/wp\/v2\/product_cat?post=1853"},{"taxonomy":"product_tag","embeddable":true,"href":"https:\/\/betonmaster.md\/ru\/wp-json\/wp\/v2\/product_tag?post=1853"}],"curies":[{"name":"wp","href":"https:\/\/api.w.org\/{rel}","templated":true}]}}