{"id":3254,"date":"2026-04-15T15:29:57","date_gmt":"2026-04-15T12:29:57","guid":{"rendered":"https:\/\/betonmaster.md\/?page_id=3254"},"modified":"2026-04-15T16:49:15","modified_gmt":"2026-04-15T13:49:15","slug":"articole","status":"publish","type":"page","link":"https:\/\/betonmaster.md\/ru\/articole\/","title":{"rendered":"Articole"},"content":{"rendered":"<div data-elementor-type=\"wp-page\" data-elementor-id=\"3254\" class=\"elementor elementor-3254\">\n\t\t\t\t<div class=\"elementor-element elementor-element-1fb7eeb e-con-full e-flex e-con e-parent\" data-id=\"1fb7eeb\" data-element_type=\"container\" data-e-type=\"container\" data-settings=\"{&quot;background_background&quot;:&quot;classic&quot;}\">\n\t\t\t\t<div class=\"elementor-element elementor-element-31aba09 elementor-widget elementor-widget-heading\" data-id=\"31aba09\" data-element_type=\"widget\" data-e-type=\"widget\" data-widget_type=\"heading.default\">\n\t\t\t\t<div class=\"elementor-widget-container\">\n\t\t\t\t\t<h1 class=\"elementor-heading-title elementor-size-default\">Blog despre beton \u0219i materiale de construc\u021bii \u00een Chi\u0219in\u0103\u200bu<\/h1>\t\t\t\t<\/div>\n\t\t\t\t<\/div>\n\t\t<div class=\"elementor-element elementor-element-c0d0c64 e-con-full e-flex e-con e-child\" data-id=\"c0d0c64\" data-element_type=\"container\" data-e-type=\"container\">\n\t\t\t\t<div class=\"elementor-element elementor-element-4a41109 elementor-widget elementor-widget-text-editor\" data-id=\"4a41109\" data-element_type=\"widget\" data-e-type=\"widget\" data-widget_type=\"text-editor.default\">\n\t\t\t\t<div class=\"elementor-widget-container\">\n\t\t\t\t\t\t\t\t\t<div class=\"relative w-full mt-4 mb-1\"><div class=\"\"><div class=\"relative\"><div class=\"h-full min-h-0 min-w-0\"><div class=\"h-full min-h-0 min-w-0\"><div class=\"border border-token-border-light border-radius-3xl corner-superellipse\/1.1 rounded-3xl\"><div class=\"h-full w-full border-radius-3xl bg-token-bg-elevated-secondary corner-superellipse\/1.1 overflow-clip rounded-3xl lxnfua_clipPathFallback\"><div class=\"relative\"><div class=\"pe-11 pt-3\"><div class=\"relative z-0 flex max-w-full\"><div id=\"code-block-viewer\" class=\"q9tKkq_viewer cm-editor z-10 light:cm-light dark:cm-light flex h-full w-full flex-col items-stretch \u037ck \u037cy\" dir=\"ltr\"><div class=\"cm-scroller\"><div class=\"cm-content q9tKkq_readonly\" style=\"text-align: center;\">Articole utile despre beton, fortan \u0219i produse din beton. Sfaturi practice despre alegere, pre\u021buri \u0219i utilizare \u00een construc\u021bii<\/div><\/div><\/div><\/div><\/div><\/div><\/div><\/div><\/div><\/div><div class=\"\"><div class=\"\" style=\"text-align: center;\">\u00a0<\/div><\/div><\/div><\/div><\/div>\t\t\t\t\t\t\t\t<\/div>\n\t\t\t\t<\/div>\n\t\t\t\t<div class=\"elementor-element elementor-element-2091119 elementor-align-center elementor-widget elementor-widget-button\" data-id=\"2091119\" data-element_type=\"widget\" data-e-type=\"widget\" data-widget_type=\"button.default\">\n\t\t\t\t<div class=\"elementor-widget-container\">\n\t\t\t\t\t\t\t\t\t<div class=\"elementor-button-wrapper\">\n\t\t\t\t\t<a class=\"elementor-button elementor-button-link elementor-size-sm\" href=\"\/ru\/catalog\/\">\n\t\t\t\t\t\t<span class=\"elementor-button-content-wrapper\">\n\t\t\t\t\t\t\t\t\t<span class=\"elementor-button-text\">Vezi produsele<\/span>\n\t\t\t\t\t<\/span>\n\t\t\t\t\t<\/a>\n\t\t\t\t<\/div>\n\t\t\t\t\t\t\t\t<\/div>\n\t\t\t\t<\/div>\n\t\t\t\t<\/div>\n\t\t\t\t<\/div>\n\t\t<div class=\"elementor-element elementor-element-b09892a e-flex e-con-boxed e-con e-parent\" data-id=\"b09892a\" data-element_type=\"container\" data-e-type=\"container\">\n\t\t\t\t\t<div class=\"e-con-inner\">\n\t\t<a class=\"elementor-element elementor-element-b98766a e-con-full e-transform e-flex e-con e-child\" data-id=\"b98766a\" data-element_type=\"container\" data-e-type=\"container\" data-settings=\"{&quot;background_background&quot;:&quot;classic&quot;,&quot;_transform_scale_effect_hover&quot;:{&quot;unit&quot;:&quot;px&quot;,&quot;size&quot;:1.0500000000000000444089209850062616169452667236328125,&quot;sizes&quot;:[]},&quot;_transform_scale_effect_hover_tablet&quot;:{&quot;unit&quot;:&quot;px&quot;,&quot;size&quot;:&quot;&quot;,&quot;sizes&quot;:[]},&quot;_transform_scale_effect_hover_mobile&quot;:{&quot;unit&quot;:&quot;px&quot;,&quot;size&quot;:&quot;&quot;,&quot;sizes&quot;:[]}}\" href=\"https:\/\/betonmaster.md\/ru\/product-category\/fortan\/\">\n\t\t\t\t<div class=\"elementor-element elementor-element-fcc43ee elementor-widget elementor-widget-heading\" data-id=\"fcc43ee\" data-element_type=\"widget\" data-e-type=\"widget\" data-widget_type=\"heading.default\">\n\t\t\t\t<div class=\"elementor-widget-container\">\n\t\t\t\t\t<h3 class=\"elementor-heading-title elementor-size-default\">\u0424\u043e\u0440\u0442\u0430\u043d<\/h3>\t\t\t\t<\/div>\n\t\t\t\t<\/div>\n\t\t\t\t<\/a>\n\t\t<a class=\"elementor-element elementor-element-025b5a1 e-con-full e-transform e-flex e-con e-child\" data-id=\"025b5a1\" data-element_type=\"container\" data-e-type=\"container\" data-settings=\"{&quot;background_background&quot;:&quot;classic&quot;,&quot;_transform_scale_effect_hover&quot;:{&quot;unit&quot;:&quot;px&quot;,&quot;size&quot;:1.0500000000000000444089209850062616169452667236328125,&quot;sizes&quot;:[]},&quot;_transform_scale_effect_hover_tablet&quot;:{&quot;unit&quot;:&quot;px&quot;,&quot;size&quot;:&quot;&quot;,&quot;sizes&quot;:[]},&quot;_transform_scale_effect_hover_mobile&quot;:{&quot;unit&quot;:&quot;px&quot;,&quot;size&quot;:&quot;&quot;,&quot;sizes&quot;:[]}}\" href=\"https:\/\/betonmaster.md\/ru\/product-category\/beton\/\">\n\t\t\t\t<div class=\"elementor-element elementor-element-f2cb2bb elementor-widget elementor-widget-heading\" data-id=\"f2cb2bb\" data-element_type=\"widget\" data-e-type=\"widget\" data-widget_type=\"heading.default\">\n\t\t\t\t<div class=\"elementor-widget-container\">\n\t\t\t\t\t<h3 class=\"elementor-heading-title elementor-size-default\">Blocuri din beton<\/h3>\t\t\t\t<\/div>\n\t\t\t\t<\/div>\n\t\t\t\t<\/a>\n\t\t<a class=\"elementor-element elementor-element-709493f e-con-full e-transform e-flex e-con e-child\" data-id=\"709493f\" data-element_type=\"container\" data-e-type=\"container\" data-settings=\"{&quot;background_background&quot;:&quot;classic&quot;,&quot;_transform_scale_effect_hover&quot;:{&quot;unit&quot;:&quot;px&quot;,&quot;size&quot;:1.0500000000000000444089209850062616169452667236328125,&quot;sizes&quot;:[]},&quot;_transform_scale_effect_hover_tablet&quot;:{&quot;unit&quot;:&quot;px&quot;,&quot;size&quot;:&quot;&quot;,&quot;sizes&quot;:[]},&quot;_transform_scale_effect_hover_mobile&quot;:{&quot;unit&quot;:&quot;px&quot;,&quot;size&quot;:&quot;&quot;,&quot;sizes&quot;:[]}}\" href=\"https:\/\/betonmaster.md\/ru\/product-category\/inele-din-beton\/\">\n\t\t\t\t<div class=\"elementor-element elementor-element-05798f7 elementor-widget elementor-widget-heading\" data-id=\"05798f7\" data-element_type=\"widget\" data-e-type=\"widget\" data-widget_type=\"heading.default\">\n\t\t\t\t<div class=\"elementor-widget-container\">\n\t\t\t\t\t<h3 class=\"elementor-heading-title elementor-size-default\">\u0411\u0435\u0442\u043e\u043d\u043d\u044b\u0435 \u043a\u043e\u043b\u044c\u0446\u0430<\/h3>\t\t\t\t<\/div>\n\t\t\t\t<\/div>\n\t\t\t\t<\/a>\n\t\t<a class=\"elementor-element elementor-element-d8f6b20 e-con-full e-transform e-flex e-con e-child\" data-id=\"d8f6b20\" data-element_type=\"container\" data-e-type=\"container\" data-settings=\"{&quot;background_background&quot;:&quot;classic&quot;,&quot;_transform_scale_effect_hover&quot;:{&quot;unit&quot;:&quot;px&quot;,&quot;size&quot;:1.0500000000000000444089209850062616169452667236328125,&quot;sizes&quot;:[]},&quot;_transform_scale_effect_hover_tablet&quot;:{&quot;unit&quot;:&quot;px&quot;,&quot;size&quot;:&quot;&quot;,&quot;sizes&quot;:[]},&quot;_transform_scale_effect_hover_mobile&quot;:{&quot;unit&quot;:&quot;px&quot;,&quot;size&quot;:&quot;&quot;,&quot;sizes&quot;:[]}}\" href=\"https:\/\/betonmaster.md\/ru\/product-category\/beton\/\">\n\t\t\t\t<div class=\"elementor-element elementor-element-c4dc81e elementor-widget elementor-widget-heading\" data-id=\"c4dc81e\" data-element_type=\"widget\" data-e-type=\"widget\" data-widget_type=\"heading.default\">\n\t\t\t\t<div class=\"elementor-widget-container\">\n\t\t\t\t\t<h3 class=\"elementor-heading-title elementor-size-default\">\u0411\u0435\u0442\u043e\u043d<\/h3>\t\t\t\t<\/div>\n\t\t\t\t<\/div>\n\t\t\t\t<\/a>\n\t\t<a class=\"elementor-element elementor-element-355c63f e-con-full e-transform e-flex e-con e-child\" data-id=\"355c63f\" data-element_type=\"container\" data-e-type=\"container\" data-settings=\"{&quot;background_background&quot;:&quot;classic&quot;,&quot;_transform_scale_effect_hover&quot;:{&quot;unit&quot;:&quot;px&quot;,&quot;size&quot;:1.0500000000000000444089209850062616169452667236328125,&quot;sizes&quot;:[]},&quot;_transform_scale_effect_hover_tablet&quot;:{&quot;unit&quot;:&quot;px&quot;,&quot;size&quot;:&quot;&quot;,&quot;sizes&quot;:[]},&quot;_transform_scale_effect_hover_mobile&quot;:{&quot;unit&quot;:&quot;px&quot;,&quot;size&quot;:&quot;&quot;,&quot;sizes&quot;:[]}}\" href=\"#\">\n\t\t\t\t<div class=\"elementor-element elementor-element-97059ba elementor-widget elementor-widget-heading\" data-id=\"97059ba\" data-element_type=\"widget\" data-e-type=\"widget\" data-widget_type=\"heading.default\">\n\t\t\t\t<div class=\"elementor-widget-container\">\n\t\t\t\t\t<h3 class=\"elementor-heading-title elementor-size-default\">pavaj<\/h3>\t\t\t\t<\/div>\n\t\t\t\t<\/div>\n\t\t\t\t<\/a>\n\t\t\t\t\t<\/div>\n\t\t\t\t<\/div>\n\t\t<div class=\"elementor-element elementor-element-02339f5 e-flex e-con-boxed e-con e-parent\" data-id=\"02339f5\" data-element_type=\"container\" data-e-type=\"container\">\n\t\t\t\t\t<div class=\"e-con-inner\">\n\t\t\t\t<div class=\"elementor-element elementor-element-3a63d5a elementor-widget elementor-widget-heading\" data-id=\"3a63d5a\" data-element_type=\"widget\" data-e-type=\"widget\" data-widget_type=\"heading.default\">\n\t\t\t\t<div class=\"elementor-widget-container\">\n\t\t\t\t\t<h2 class=\"elementor-heading-title elementor-size-default\">Articole despre beton \u0219i construc\u021bii<\/h2>\t\t\t\t<\/div>\n\t\t\t\t<\/div>\n\t\t\t\t<div class=\"elementor-element elementor-element-2649b89 elementor-widget elementor-widget-text-editor\" data-id=\"2649b89\" data-element_type=\"widget\" data-e-type=\"widget\" data-widget_type=\"text-editor.default\">\n\t\t\t\t<div class=\"elementor-widget-container\">\n\t\t\t\t\t\t\t\t\t<p style=\"text-align: center;\">Sfaturi utile, pre\u021buri \u0219i recomand\u0103ri pentru materiale din beton \u00een Chi\u0219in\u0103u<\/p>\t\t\t\t\t\t\t\t<\/div>\n\t\t\t\t<\/div>\n\t\t\t\t\t<\/div>\n\t\t\t\t<\/div>\n\t\t<div class=\"elementor-element elementor-element-26d280a e-flex e-con-boxed e-con e-parent\" data-id=\"26d280a\" data-element_type=\"container\" data-e-type=\"container\">\n\t\t\t\t\t<div class=\"e-con-inner\">\n\t\t\t\t<div class=\"elementor-element elementor-element-97c7a4c elementor-widget elementor-widget-hfe-basic-posts\" data-id=\"97c7a4c\" data-element_type=\"widget\" data-e-type=\"widget\" data-widget_type=\"hfe-basic-posts.default\">\n\t\t\t\t<div class=\"elementor-widget-container\">\n\t\t\t\t\t\n<div class=\"hfe-posts-grid\">\n\t\t\t<article class=\"hfe-post-card\">\n\t\t\t\n\t\t\t<div class=\"hfe-post-content\">\n\t\t\t\t\t\t\t\t\t<h5 class=\"hfe-post-title\">\n\t\t\t\t\t\t<a href=\"https:\/\/betonmaster.md\/ru\/blocuri-fs-3-si-fs-4-dimensiuni-pret\/\" rel=\"bookmark\">\n\t\t\t\t\t\t\tBlocuri FS-3 \u0219i FS-4 &#8211; dimensiuni, pre\u021b \u0219i livrare \u00een Chi\u0219in\u0103u\t\t\t\t\t\t<\/a>\n\t\t\t\t\t<\/h5>\n\t\t\t\t\n\t\t\t\t\n\t\t\t\t\t\t\t\t\t<div class=\"hfe-post-excerpt\">\n\t\t\t\t\t\tBlocuri FS-3 \u0219i FS-4 \u2013 dimensiuni, utilizare \u0219i pre\u021b \u00een Moldova Blocurile din beton tip FS-3 \u0219i FS-4 sunt elemente...\t\t\t\t\t<\/div>\n\t\t\t\t\n\t\t\t\t\t\t\t\t\t<a href=\"https:\/\/betonmaster.md\/ru\/blocuri-fs-3-si-fs-4-dimensiuni-pret\/\" class=\"hfe-read-more\" rel=\"bookmark\">\n\t\t\t\t\t\tCite\u0219te mai mult \u2192\t\t\t\t\t<\/a>\n\t\t\t\t\t\t\t<\/div>\n\t\t<\/article>\n\t\t\t\t<article class=\"hfe-post-card\">\n\t\t\t\n\t\t\t<div class=\"hfe-post-content\">\n\t\t\t\t\t\t\t\t\t<h5 class=\"hfe-post-title\">\n\t\t\t\t\t\t<a href=\"https:\/\/betonmaster.md\/ru\/tipuri-de-blocuri-din-beton\/\" rel=\"bookmark\">\n\t\t\t\t\t\t\tTipuri de blocuri din beton \u0219i unde se folosesc FS-3\/FS-4\t\t\t\t\t\t<\/a>\n\t\t\t\t\t<\/h5>\n\t\t\t\t\n\t\t\t\t\n\t\t\t\t\t\t\t\t\t<div class=\"hfe-post-excerpt\">\n\t\t\t\t\t\tTipuri de blocuri din beton \u0219i utilizarea lor \u00een construc\u021bii Blocurile din beton sunt printre cele mai utilizate materiale \u00een...\t\t\t\t\t<\/div>\n\t\t\t\t\n\t\t\t\t\t\t\t\t\t<a href=\"https:\/\/betonmaster.md\/ru\/tipuri-de-blocuri-din-beton\/\" class=\"hfe-read-more\" rel=\"bookmark\">\n\t\t\t\t\t\tCite\u0219te mai mult \u2192\t\t\t\t\t<\/a>\n\t\t\t\t\t\t\t<\/div>\n\t\t<\/article>\n\t\t\t\t<article class=\"hfe-post-card\">\n\t\t\t\n\t\t\t<div class=\"hfe-post-content\">\n\t\t\t\t\t\t\t\t\t<h5 class=\"hfe-post-title\">\n\t\t\t\t\t\t<a href=\"https:\/\/betonmaster.md\/ru\/fundatie-din-fortan-avantaje-pret\/\" rel=\"bookmark\">\n\t\t\t\t\t\t\tFundatie din fortan &#8211; avantaje, pre\u021b \u0219i cum se face corect \u00een Moldova\t\t\t\t\t\t<\/a>\n\t\t\t\t\t<\/h5>\n\t\t\t\t\n\t\t\t\t\n\t\t\t\t\t\t\t\t\t<div class=\"hfe-post-excerpt\">\n\t\t\t\t\t\tZidarie din fortan \u2013 ghid complet pentru construc\u021bii durabile &nbsp; Construirea unei funda\u021bii din fortan este o solu\u021bie practic\u0103 \u0219i...\t\t\t\t\t<\/div>\n\t\t\t\t\n\t\t\t\t\t\t\t\t\t<a href=\"https:\/\/betonmaster.md\/ru\/fundatie-din-fortan-avantaje-pret\/\" class=\"hfe-read-more\" rel=\"bookmark\">\n\t\t\t\t\t\tCite\u0219te mai mult \u2192\t\t\t\t\t<\/a>\n\t\t\t\t\t\t\t<\/div>\n\t\t<\/article>\n\t\t\t\t<article class=\"hfe-post-card\">\n\t\t\t\n\t\t\t<div class=\"hfe-post-content\">\n\t\t\t\t\t\t\t\t\t<h5 class=\"hfe-post-title\">\n\t\t\t\t\t\t<a href=\"https:\/\/betonmaster.md\/ru\/fortan-caracteristici-si-utilizare\/\" rel=\"bookmark\">\n\t\t\t\t\t\t\tFortan \u00een Chi\u0219in\u0103u: 7 utiliz\u0103ri \u0219i caracteristici importante\t\t\t\t\t\t<\/a>\n\t\t\t\t\t<\/h5>\n\t\t\t\t\n\t\t\t\t\n\t\t\t\t\t\t\t\t\t<div class=\"hfe-post-excerpt\">\n\t\t\t\t\t\tFortan \u00een Chi\u0219in\u0103u \u2014 7 utiliz\u0103ri \u0219i caracteristici importante Fortan este un material de construc\u021bie utilizat pe scar\u0103 larg\u0103 \u00een...\t\t\t\t\t<\/div>\n\t\t\t\t\n\t\t\t\t\t\t\t\t\t<a href=\"https:\/\/betonmaster.md\/ru\/fortan-caracteristici-si-utilizare\/\" class=\"hfe-read-more\" rel=\"bookmark\">\n\t\t\t\t\t\tCite\u0219te mai mult \u2192\t\t\t\t\t<\/a>\n\t\t\t\t\t\t\t<\/div>\n\t\t<\/article>\n\t\t\t\t<article class=\"hfe-post-card\">\n\t\t\t\n\t\t\t<div class=\"hfe-post-content\">\n\t\t\t\t\t\t\t\t\t<h5 class=\"hfe-post-title\">\n\t\t\t\t\t\t<a href=\"https:\/\/betonmaster.md\/ru\/blocuri-de-beton\/\" rel=\"bookmark\">\n\t\t\t\t\t\t\tBlocuri din beton BetonMaster \u2013 Produc\u0103tor \u00een Chi\u0219in\u0103u \u0219i Moldova\t\t\t\t\t\t<\/a>\n\t\t\t\t\t<\/h5>\n\t\t\t\t\n\t\t\t\t\n\t\t\t\t\t\t\t\t\t<div class=\"hfe-post-excerpt\">\n\t\t\t\t\t\tBlocuri de beton BetonMaster \u2013 solu\u021bia optim\u0103 pentru construc\u021bii durabile \u00een Moldova De ce blocuri de beton sunt esen\u021biale \u00een...\t\t\t\t\t<\/div>\n\t\t\t\t\n\t\t\t\t\t\t\t\t\t<a href=\"https:\/\/betonmaster.md\/ru\/blocuri-de-beton\/\" class=\"hfe-read-more\" rel=\"bookmark\">\n\t\t\t\t\t\tCite\u0219te mai mult \u2192\t\t\t\t\t<\/a>\n\t\t\t\t\t\t\t<\/div>\n\t\t<\/article>\n\t\t\t\t<article class=\"hfe-post-card\">\n\t\t\t\n\t\t\t<div class=\"hfe-post-content\">\n\t\t\t\t\t\t\t\t\t<h5 class=\"hfe-post-title\">\n\t\t\t\t\t\t<a href=\"https:\/\/betonmaster.md\/ru\/fortan-bloc-moldova\/\" rel=\"bookmark\">\n\t\t\t\t\t\t\tFortan &#8211; material Nr1 de construc\u021bie \u00een Moldova\t\t\t\t\t\t<\/a>\n\t\t\t\t\t<\/h5>\n\t\t\t\t\n\t\t\t\t\n\t\t\t\t\t\t\t\t\t<div class=\"hfe-post-excerpt\">\n\t\t\t\t\t\tCe este Fortan \u0219i de ce devine tot mai popular \u00een construc\u021biile din Chi\u0219in\u0103u \u0219i Moldova \u00cen ultimii ani, industria...\t\t\t\t\t<\/div>\n\t\t\t\t\n\t\t\t\t\t\t\t\t\t<a href=\"https:\/\/betonmaster.md\/ru\/fortan-bloc-moldova\/\" class=\"hfe-read-more\" rel=\"bookmark\">\n\t\t\t\t\t\tCite\u0219te mai mult \u2192\t\t\t\t\t<\/a>\n\t\t\t\t\t\t\t<\/div>\n\t\t<\/article>\n\t\t<\/div>\n\t\t\t\t<\/div>\n\t\t\t\t<\/div>\n\t\t\t\t\t<\/div>\n\t\t\t\t<\/div>\n\t\t\t\t<\/div>","protected":false},"excerpt":{"rendered":"<p>Blog despre beton \u0219i materiale de construc\u021bii \u00een Chi\u0219in\u0103\u200bu Articole utile despre beton, fortan \u0219i produse din beton. Sfaturi practice despre alegere, pre\u021buri \u0219i utilizare \u00een construc\u021bii Vezi produsele Fortan Blocuri din beton Inele din beton Beton pavaj Articole despre beton \u0219i construc\u021bii Sfaturi utile, pre\u021buri \u0219i recomand\u0103ri pentru materiale din beton \u00een Chi\u0219in\u0103u Blocuri [&hellip;]<\/p>\n","protected":false},"author":1,"featured_media":0,"parent":0,"menu_order":0,"comment_status":"closed","ping_status":"closed","template":"","meta":{"site-sidebar-layout":"no-sidebar","site-content-layout":"page-builder","ast-site-content-layout":"full-width-container","site-content-style":"unboxed","site-sidebar-style":"unboxed","ast-global-header-display":"","ast-banner-title-visibility":"","ast-main-header-display":"","ast-hfb-above-header-display":"","ast-hfb-below-header-display":"","ast-hfb-mobile-header-display":"","site-post-title":"disabled","ast-breadcrumbs-content":"","ast-featured-img":"","footer-sml-layout":"","ast-disable-related-posts":"","theme-transparent-header-meta":"default","adv-header-id-meta":"","stick-header-meta":"","header-above-stick-meta":"","header-main-stick-meta":"","header-below-stick-meta":"","astra-migrate-meta-layouts":"set","ast-page-background-enabled":"default","ast-page-background-meta":{"desktop":{"background-color":"","background-image":"","background-repeat":"repeat","background-position":"center center","background-size":"auto","background-attachment":"scroll","background-type":"","background-media":"","overlay-type":"","overlay-color":"","overlay-opacity":"","overlay-gradient":""},"tablet":{"background-color":"","background-image":"","background-repeat":"repeat","background-position":"center center","background-size":"auto","background-attachment":"scroll","background-type":"","background-media":"","overlay-type":"","overlay-color":"","overlay-opacity":"","overlay-gradient":""},"mobile":{"background-color":"","background-image":"","background-repeat":"repeat","background-position":"center center","background-size":"auto","background-attachment":"scroll","background-type":"","background-media":"","overlay-type":"","overlay-color":"","overlay-opacity":"","overlay-gradient":""}},"ast-content-background-meta":{"desktop":{"background-color":"var(--ast-global-color-5)","background-image":"","background-repeat":"repeat","background-position":"center center","background-size":"auto","background-attachment":"scroll","background-type":"","background-media":"","overlay-type":"","overlay-color":"","overlay-opacity":"","overlay-gradient":""},"tablet":{"background-color":"var(--ast-global-color-5)","background-image":"","background-repeat":"repeat","background-position":"center center","background-size":"auto","background-attachment":"scroll","background-type":"","background-media":"","overlay-type":"","overlay-color":"","overlay-opacity":"","overlay-gradient":""},"mobile":{"background-color":"var(--ast-global-color-5)","background-image":"","background-repeat":"repeat","background-position":"center center","background-size":"auto","background-attachment":"scroll","background-type":"","background-media":"","overlay-type":"","overlay-color":"","overlay-opacity":"","overlay-gradient":""}},"footnotes":""},"class_list":["post-3254","page","type-page","status-publish","hentry"],"jetpack_sharing_enabled":true,"amp_enabled":true,"_links":{"self":[{"href":"https:\/\/betonmaster.md\/ru\/wp-json\/wp\/v2\/pages\/3254","targetHints":{"allow":["GET"]}}],"collection":[{"href":"https:\/\/betonmaster.md\/ru\/wp-json\/wp\/v2\/pages"}],"about":[{"href":"https:\/\/betonmaster.md\/ru\/wp-json\/wp\/v2\/types\/page"}],"author":[{"embeddable":true,"href":"https:\/\/betonmaster.md\/ru\/wp-json\/wp\/v2\/users\/1"}],"replies":[{"embeddable":true,"href":"https:\/\/betonmaster.md\/ru\/wp-json\/wp\/v2\/comments?post=3254"}],"version-history":[{"count":10,"href":"https:\/\/betonmaster.md\/ru\/wp-json\/wp\/v2\/pages\/3254\/revisions"}],"predecessor-version":[{"id":3283,"href":"https:\/\/betonmaster.md\/ru\/wp-json\/wp\/v2\/pages\/3254\/revisions\/3283"}],"wp:attachment":[{"href":"https:\/\/betonmaster.md\/ru\/wp-json\/wp\/v2\/media?parent=3254"}],"curies":[{"name":"wp","href":"https:\/\/api.w.org\/{rel}","templated":true}]}}