{"id":1496,"date":"2018-08-16T14:03:46","date_gmt":"2018-08-16T14:03:46","guid":{"rendered":"https:\/\/cdn.jevelin.shufflehound.com\/construction-vc\/?page_id=1496"},"modified":"2026-04-13T17:22:16","modified_gmt":"2026-04-13T14:22:16","slug":"home-betonmaster","status":"publish","type":"page","link":"https:\/\/betonmaster.md\/ru\/home-betonmaster\/","title":{"rendered":"\u0413\u043b\u0430\u0432\u043d\u0430\u044f"},"content":{"rendered":"<p>[vc_row full_width=&#8221;stretch_row_content_no_spaces&#8221;][vc_column][rev_slider_vc alias=&#8221;construction_slider&#8221; css=&#8221;.vc_custom_1534428207905{margin-bottom: 0px !important;}&#8221;][\/vc_column][\/vc_row][vc_row][vc_column][vcj_empty_space height=&#8221;52px&#8221;][\/vc_column][\/vc_row][vc_row][vc_column][vcj_woocommerce_categories][\/vc_column][\/vc_row][vc_row][vc_column][vc_raw_html css=&#8221;.vc_custom_1776090020638{padding-top: 25px !important;}&#8221;]JTNDc2VjdGlvbiUyMGNsYXNzJTNEJTIybWFpbi1zZW8tdGV4dCUyMiUzRSUwRCUwQSUyMCUyMCUzQ2gxJTIwc3R5bGUlM0QlMjJtYXJnaW4tYm90dG9tJTNBMjBweCUyMiUzRUZvcnRhbiUyQyUyMGluZWxlJTJDJTIwYmV0b24lMjAlQzglOTlpJTIwcHJvZHVzZSUyMGRpbiUyMGJldG9uJTIwY3UlMjBsaXZyYXJlJTIwJUMzJUFFbiUyMENoaSVDOCU5OWluJUM0JTgzdSUyMCVDOCU5OWklMjAlQzMlQUVuJTIwdG9hdCVDNCU4MyUyME1vbGRvdmElM0MlMkZoMSUzRSUwRCUwQSUwRCUwQSUyMCUyMCUzQ2gyJTIwc3R5bGUlM0QlMjJhbGlnbiUzQSUyMGNlbnRlciUyMiUzRUZhYnJpYyVDNCU4MyUyMGRlJTIwYmV0b24lMjAlQzMlQUVuJTIwQ2hpJUM4JTk5aW4lQzQlODN1JTIwLSUyMEJldG9uTWFzdGVyJTNDJTJGaDIlM0UlMEQlMEElMjAlMjAlM0NwJTNFJTBEJTBBJTIwJTIwJTIwJTIwQmV0b25tYXN0ZXIlMjBlc3RlJTIwbyUyMGZhYnJpYyVDNCU4MyUyMHNwZWNpYWxpemF0JUM0JTgzJTIwJUMzJUFFbiUyMHByb2R1YyVDOCU5QmlhJTIwJUM4JTk5aSUyMGxpdnJhcmVhJTIwZGUlMjBiZXRvbiUyMCVDMyVBRW4lMjBjbGFzZWxlJTIwQzglMkYxMCUyQyUyMEMxMiUyRjE1JTJDJTIwQzE2JTJGMjAlMkMlMjBDMjAlMkYyNSUyQyUyMEMyNSUyRjMwJTIwJUM4JTk5aSUyME0xNTAlRTIlODAlOTNNNDAwJTJDJTIwcHJlY3VtJTIwJUM4JTk5aSUyMGRlJTIwbWF0ZXJpYWxlJTIwZGluJTIwYmV0b24lMjBwZW50cnUlMjBjb25zdHJ1YyVDOCU5QmlpJTBEJTBBJTIwJTIwJTNDJTJGcCUzRSUwRCUwQSUwRCUwQSUyMCUyMCUzQ2gzJTNFRm9ydGFuJTIwJUM4JTk5aSUyMHByb2R1c2UlMjBkaW4lMjBiZXRvbiUyMHBlbnRydSUyMHByb2llY3RlJTIwZHVyYWJpbGUlM0MlMkZoMyUzRSUwRCUwQSUyMCUyMCUzQ3AlM0UlMEQlMEElMjAlMjAlMjAlMjBHYW1hJTIwbm9hc3RyJUM0JTgzJTIwaW5jbHVkZSUyMGJsb2N1cmklMjBkaW4lMjBiZXRvbiUyQyUyMGZvcnRhbiUyQyUyMGluZWxlJTIwcGVudHJ1JTIwZiVDMyVBMm50JUMzJUEybmklMkMlMjBjYXBhY2UlMkMlMjBmdW5kdXJpJTIwJUM4JTk5aSUyMGJvbCVDOCU5QmFyaSUyQyUyMHBvdHJpdml0ZSUyMHBlbnRydSUyMGZ1bmRhJUM4JTlCaWklMkMlMjBmb3NlJTIwc2VwdGljZSUyQyUyMGdhcmR1cmklMkMlMjB0cm90dWFyZSUyMCVDOCU5OWklMjBhbHRlJTIwbHVjciVDNCU4M3JpJTBEJTBBJTIwJTIwJTNDJTJGcCUzRSUwRCUwQSUwRCUwQSUyMCUyMCUzQ3AlM0UlMEQlMEElMjAlMjAlMjAlMjBBc2lndXIlQzQlODNtJTIwbGl2cmFyZSUyMHNpZ3VyJUM0JTgzJTIwJUMzJUFFbiUyMENoaSVDOCU5OWluJUM0JTgzdSUyMCVDOCU5OWklMjAlQzMlQUVuJTIwJUMzJUFFbnRyZWFnYSUyMCVDOCU5QmFyJUM0JTgzJTIwJUM4JTk5aSUyMGNvbGFib3IlQzQlODNtJTIwYXQlQzMlQTJ0JTIwY3UlMjBwZXJzb2FuZSUyMGZpemljZSUyQyUyMGMlQzMlQTJ0JTIwJUM4JTk5aSUyMGN1JTIwY29tcGFuaWklMjBkZSUyMGNvbnN0cnVjJUM4JTlCaWklMEQlMEElMjAlMjAlMjAlMjBBbGVnZSUyMEJldG9ubWFzdGVyJTIwcGVudHJ1JTIwY2FsaXRhdGUlMkMlMjBkdXJhYmlsaXRhdGUlMjAlQzglOTlpJTIwcHJvZmVzaW9uYWxpc20lMEQlMEElMjAlMjAlM0MlMkZwJTNFJTBEJTBBJTBEJTBBJTIwJTIwJTNDcCUzRSUwRCUwQSUyMCUyMCUyMCUyMFZlemklMjAlM0NhJTIwaHJlZiUzRCUyMiUyRnByb2R1c2UlMjIlMjB0aXRsZSUzRCUyMlByb2R1c2UlMjBkaW4lMjBiZXRvbiUyMiUzRXByb2R1c2VsZSUyMG5vYXN0cmUlMjBkaW4lMjBiZXRvbiUzQyUyRmElM0UlMjBzYXUlMjAlM0NhJTIwaHJlZiUzRCUyMiUyRmNvbnRhY3QlMjIlMjB0aXRsZSUzRCUyMkNvbnRhY3QlMjBCZXRvbm1hc3RlciUyMiUzRXNvbGljaXQlQzQlODMlMjBvJTIwb2ZlcnQlQzQlODMlMjBkZSUyMHByZSVDOCU5QiUzQyUyRmElM0UlMEQlMEElMjAlMjAlM0MlMkZwJTNFJTBEJTBBJTNDJTJGc2VjdGlvbiUzRSUwRCUwQQ==[\/vc_raw_html][\/vc_column][\/vc_row][vc_row full_width=&#8221;stretch_row_content_no_spaces&#8221; equal_height=&#8221;yes&#8221; content_placement=&#8221;middle&#8221; css=&#8221;.vc_custom_1534777245586{padding-top: 100px !important;padding-bottom: 100px !important;}&#8221; el_id=&#8221;services&#8221;][vc_column width=&#8221;1\/4&#8243; max_width=&#8221;325&#8243; css=&#8221;.vc_custom_1547559799490{border-left-width: 1px !important;padding-right: 20px !important;padding-left: 20px !important;border-left-color: #f1f1f1 !important;border-left-style: solid !important;}&#8221;][vc_single_image image=&#8221;1675&#8243; img_size=&#8221;full&#8221; css=&#8221;&#8221;][vcj_heading_simple content2=&#8221;MATERIALE DE CALITATE&#8221; alignment=&#8221;left&#8221; color_text=&#8221;#303030&#8243; weight=&#8221;900&#8243; italic=&#8221;&#8221; size=&#8221;s&#8221; animation_speed=&#8221;2&#8243; animation_delay=&#8221;0&#8243;][vcj_empty_space height=&#8221;15px&#8221;][vcj_text_block paragraph_whitespace=&#8221;1&#8243; text_size=&#8221;14px&#8221; text_color=&#8221;#8a8a8a&#8221;]Fortan, beton \u0219i produsele noastre din beton trec un control strict al calit\u0103\u021bii \u00eenainte de livrarea \u00een Chi\u0219in\u0103u \u0219i \u00een \u00eentreaga Moldov\u0103.[\/vcj_text_block][\/vc_column][vc_column width=&#8221;1\/4&#8243; overflow=&#8221;default&#8221; max_width=&#8221;325&#8243; css=&#8221;.vc_custom_1745441552841{border-left-width: 1px !important;padding-right: 20px !important;padding-left: 20px !important;border-left-style: solid !important;border-color: #F1F1F1 !important;}&#8221;][vc_single_image image=&#8221;1679&#8243; img_size=&#8221;full&#8221; css=&#8221;&#8221;][vcj_heading_simple content2=&#8221;GAM\u0102 LARG\u0102 DE PRODUSE&#8221; alignment=&#8221;left&#8221; color_text=&#8221;#303030&#8243; weight=&#8221;900&#8243; italic=&#8221;&#8221; size=&#8221;s&#8221; animation_speed=&#8221;2&#8243; animation_delay=&#8221;0&#8243;][vcj_empty_space height=&#8221;15px&#8221;][vcj_text_block paragraph_whitespace=&#8221;1&#8243; text_size=&#8221;14px&#8221; text_color=&#8221;#8a8a8a&#8221;]La noi pute\u021bi cump\u0103ra beton, blocuri, capace, funduri, fortan \u0219i alte produse de construc\u021bie cu livrare direct la \u0219antier.[\/vcj_text_block][\/vc_column][vc_column width=&#8221;1\/4&#8243; overflow=&#8221;default&#8221; css=&#8221;.vc_custom_1745441602235{border-left-width: 1px !important;padding-right: 20px !important;padding-left: 20px !important;border-left-style: solid !important;border-color: #F1F1F1 !important;}&#8221; max_width=&#8221;325&#8243;][vc_single_image image=&#8221;1682&#8243; img_size=&#8221;full&#8221; css=&#8221;&#8221;][vcj_heading_simple content2=&#8221;EXECUTARE RAPID\u0102 A COMENZII&#8221; alignment=&#8221;left&#8221; color_text=&#8221;#303030&#8243; weight=&#8221;900&#8243; italic=&#8221;&#8221; size=&#8221;s&#8221; animation_speed=&#8221;2&#8243; animation_delay=&#8221;0&#8243;][vcj_empty_space height=&#8221;15px&#8221;][vcj_text_block paragraph_whitespace=&#8221;1&#8243; text_size=&#8221;14px&#8221; text_color=&#8221;#8a8a8a&#8221;]Speciali\u0219tii no\u0219tri proceseaz\u0103 rapid comenzile de beton \u0219i fortan, garant\u00e2nd calitate, precizie \u0219i respectarea termenelor.[\/vcj_text_block][\/vc_column][vc_column width=&#8221;1\/4&#8243; css=&#8221;.vc_custom_1547213333733{border-left-width: 1px !important;padding-right: 20px !important;padding-left: 20px !important;border-left-color: #f1f1f1 !important;border-left-style: solid !important;}&#8221; max_width=&#8221;325&#8243;][vc_single_image image=&#8221;1684&#8243; img_size=&#8221;full&#8221; css=&#8221;&#8221;][vcj_heading_simple content2=&#8221;LIVRARE RAPID\u0102 \u00ceN TOAT\u0102 MOLDOVA&#8221; alignment=&#8221;left&#8221; color_text=&#8221;#303030&#8243; weight=&#8221;900&#8243; italic=&#8221;&#8221; size=&#8221;s&#8221; animation_speed=&#8221;2&#8243; animation_delay=&#8221;0&#8243;][vcj_empty_space height=&#8221;15px&#8221;][vcj_text_block paragraph_whitespace=&#8221;1&#8243; text_size=&#8221;14px&#8221; text_color=&#8221;#8a8a8a&#8221;]Pute\u021bi comanda livrarea de beton, fortan \u0219i produse din beton direct pe \u0219antierul dumneavoastr\u0103 din Chi\u0219in\u0103u sau din Moldova.[\/vcj_text_block][\/vc_column][\/vc_row][vc_row equal_height=&#8221;yes&#8221; content_placement=&#8221;middle&#8221; css=&#8221;.vc_custom_1534521154974{padding-top: 90px !important;padding-bottom: 90px !important;}&#8221;][vc_column width=&#8221;2\/3&#8243; mobile_element_alignment=&#8221;center&#8221;][vcj_tabs tabs=&#8221;%5B%7B%22title%22%3A%22CE%20BETON%20ALEG%3F%22%2C%22content2%22%3A%22%3Ch2%3ECe%20marc%C4%83%20de%20beton%20s%C4%83%20aleg%3F%3C%2Fh2%3E%5CnAlegerea%20m%C4%83rcii%20de%20beton%20depinde%20de%20proiect%2C%20clim%C4%83%20%C8%99i%20loca%C8%9Bia%20%C8%99antierului.%20Pentru%20consultan%C8%9B%C4%83%2C%20suna%C8%9Bi%20la%20%3Cstrong%3E0699%2076%20633%3C%2Fstrong%3E.%22%7D%2C%7B%22title%22%3A%22DIMENSIUNI%20FORTAN%22%2C%22content2%22%3A%22%3Ch2%3ECare%20este%20cea%20mai%20popular%C4%83%20dimensiune%20de%20fortan%3F%3C%2Fh2%3E%5CnCele%20mai%20solicitate%20dimensiuni%20sunt%20395%C3%97200%C3%97190%20mm%20%C8%99i%20395%C3%97200%C3%97120%20mm.%20Sunt%20potrivite%20pentru%20pere%C8%9Bi%20portan%C8%9Bi%2C%20compartiment%C4%83ri%20%C8%99i%20construc%C8%9Bii%20gospod%C4%83re%C8%99ti.%22%7D%2C%7B%22title%22%3A%22INELE%3A%20UNDE%20SE%20FOLOSESC%3F%22%2C%22content2%22%3A%22%3Ch2%3EUnde%20se%20folosesc%20inelele%20din%20beton%3F%3C%2Fh2%3E%5CnInelele%20din%20beton%20sunt%20utilizate%20pentru%20f%C3%A2nt%C3%A2ni%2C%20canalizare%2C%20pu%C8%9Buri%20de%20drenaj%20%C8%99i%20vizitare.%20Oferim%20inele%20cu%20diametre%20%C8%99i%20%C3%AEn%C4%83l%C8%9Bimi%20variate.%22%7D%2C%7B%22title%22%3A%22CE%20PRODUCE%C8%9AI%3F%22%2C%22content2%22%3A%22%3Ch2%3ECe%20produse%20din%20beton%20fabrica%C8%9Bi%3F%3C%2Fh2%3E%5CnProducem%20beton%2C%20fortan%20(bol%C8%9Bari)%2C%20inele%2C%20capace%2C%20funduri%2C%20st%C3%A2lpi%2C%20blocuri%20pentru%20funda%C8%9Bii%20%C8%99i%20alte%20elemente%20din%20beton%20armat.%20Toate%20produsele%20pot%20fi%20livrate%20%C3%AEn%20Chi%C8%99in%C4%83u%20%C8%99i%20%C3%AEn%20%C3%AEntreaga%20Moldov%C4%83.%5Cn%22%7D%2C%7B%22title%22%3A%22LIVRARE%20%C8%98I%20DESC%C4%82RCARE%22%2C%22content2%22%3A%22%3Ch2%3ESe%20poate%20comanda%20livrarea%20%C8%99i%20desc%C4%83rcarea%20produselor%3F%3C%2Fh2%3E%5CnDa.%20Livr%C4%83m%20%C3%AEn%20Chi%C8%99in%C4%83u%20%C8%99i%20%C3%AEn%20toat%C4%83%20Moldova.%20La%20cerere%2C%20asigur%C4%83m%20desc%C4%83rcarea%20direct%20pe%20%C8%99antier.%5Cn%22%7D%2C%7B%22title%22%3A%22AJUTOR%20LA%20ALEGERE%22%2C%22content2%22%3A%22%3Ch2%3EOferi%C8%9Bi%20recomand%C4%83ri%20privind%20alegerea%20betonului%20sau%20a%20blocurilor%3F%3C%2Fh2%3E%5CnDa%2C%20speciali%C8%99tii%20no%C8%99tri%20v%C4%83%20vor%20ajuta%20s%C4%83%20alege%C8%9Bi%20produsele%20potrivite%20%C3%AEn%20func%C8%9Bie%20de%20destina%C8%9Bia%20construc%C8%9Biei%20%C8%99i%20buget.%20Suna%C8%9Bi-ne%20la%20%2B373%20699%2076%20633%5Cn%22%7D%5D&#8221; style=&#8221;style4&#8243; accent_color=&#8221;#454545&#8243;][\/vc_column][vc_column width=&#8221;1\/3&#8243; mobile_element_alignment=&#8221;center&#8221;][vc_single_image image=&#8221;1754&#8243; img_size=&#8221;full&#8221; alignment=&#8221;right&#8221; css=&#8221;&#8221;][\/vc_column][\/vc_row][vc_row equal_height=&#8221;yes&#8221; css_animation=&#8221;fadeInUp&#8221; shadow=&#8221;shadow1&#8243; css=&#8221;.vc_custom_1534777373833{margin-bottom: -350px !important;background-color: #ffffff !important;}&#8221; el_id=&#8221;contacts&#8221;][vc_column width=&#8221;2\/3&#8243; responsive_border=&#8221;disabled&#8221; css=&#8221;.vc_custom_1548336347334{border-right-width: 1px !important;padding-top: 90px !important;padding-right: 40px !important;padding-bottom: 90px !important;padding-left: 40px !important;border-right-color: #f3f3f3 !important;border-right-style: solid !important;}&#8221; max_width=&#8221;695&#8243; padding_tablet=&#8221;50px 30px 70px 30px&#8221;][vcj_heading style=&#8221;style1&#8243; text_color=&#8221;#505050&#8243; weight=&#8221;300&#8243; size=&#8221;l&#8221; animation_speed=&#8221;2&#8243; animation_delay=&#8221;0&#8243;]<\/p>\n<p style=\"text-align: left;\"><strong>Lua\u021bi<\/strong> Leg\u0103tura Cu Noi<\/p>\n<p>[\/vcj_heading][vcj_empty_space height=&#8221;45px&#8221;][vcj_contact_form_7 form_id=&#8221;1549&#8243;][\/vc_column][vc_column width=&#8221;1\/3&#8243; max_width=&#8221;290&#8243; css=&#8221;.vc_custom_1548336464778{padding-top: 90px !important;padding-right: 40px !important;padding-bottom: 80px !important;padding-left: 40px !important;}&#8221; padding_tablet=&#8221;0px 30px 60px 30px&#8221;][vcj_heading style=&#8221;style1&#8243; text_color=&#8221;#505050&#8243; weight=&#8221;300&#8243; size=&#8221;l&#8221; animation_speed=&#8221;2&#8243; animation_delay=&#8221;0&#8243;]<\/p>\n<p style=\"text-align: left;\"><b>Contacte<\/b><\/p>\n<p>[\/vcj_heading][vcj_empty_space height=&#8221;45px&#8221;][vcj_icon_box icon=&#8221;icon-location-pin&#8221; title=&#8221;ADRES\u0102&#8221; improved_responsiveness=&#8221;1&#8243; style=&#8221;style2&#8243; alignment=&#8221;left&#8221; font_size=&#8221;14px&#8221;]Chi\u0219in\u0103u, Calea Basarabiei 26\/3[\/vcj_icon_box][vcj_empty_space height=&#8221;20px&#8221; height_tablet=&#8221;40px&#8221;][vcj_icon_box icon=&#8221;icon-envelope&#8221; title=&#8221;E-MAIL&#8221; improved_responsiveness=&#8221;1&#8243; style=&#8221;style2&#8243; alignment=&#8221;left&#8221; font_size=&#8221;14px&#8221;]voligsteh@mail.ru[\/vcj_icon_box][vcj_empty_space height=&#8221;20px&#8221; height_tablet=&#8221;40px&#8221;][vcj_icon_box icon=&#8221;icon-phone&#8221; title=&#8221;TELEFON&#8221; improved_responsiveness=&#8221;1&#8243; style=&#8221;style2&#8243; alignment=&#8221;left&#8221; font_size=&#8221;14px&#8221;](+373) <span aria-label=\"\u041f\u043e\u0437\u0432\u043e\u043d\u0438\u0442\u044c \u043f\u043e \u043d\u043e\u043c\u0435\u0440\u0443 0699 76 633\">699 76 633<\/span>[\/vcj_icon_box][vcj_empty_space height=&#8221;20px&#8221; height_tablet=&#8221;40px&#8221;][vcj_icon_box icon=&#8221;icon-clock&#8221; title=&#8221;PROGRAM DE LUCRU&#8221; improved_responsiveness=&#8221;1&#8243; style=&#8221;style2&#8243; alignment=&#8221;left&#8221; font_size=&#8221;14px&#8221;]Luni &#8211; Vineri 08:00 &#8211; 17:00[\/vcj_icon_box][\/vc_column][\/vc_row]<\/p>\n","protected":false},"excerpt":{"rendered":"<p>[vc_row full_width=&#8221;stretch_row_content_no_spaces&#8221;][vc_column][rev_slider_vc alias=&#8221;construction_slider&#8221; css=&#8221;.vc_custom_1534428207905{margin-bottom: 0px !important;}&#8221;][\/vc_column][\/vc_row][vc_row][vc_column][vcj_empty_space height=&#8221;52px&#8221;][\/vc_column][\/vc_row][vc_row][vc_column][vcj_woocommerce_categories][\/vc_column][\/vc_row][vc_row][vc_column][vc_raw_html css=&#8221;.vc_custom_1776090020638{padding-top: 25px !important;}&#8221;]JTNDc2VjdGlvbiUyMGNsYXNzJTNEJTIybWFpbi1zZW8tdGV4dCUyMiUzRSUwRCUwQSUyMCUyMCUzQ2gxJTIwc3R5bGUlM0QlMjJtYXJnaW4tYm90dG9tJTNBMjBweCUyMiUzRUZvcnRhbiUyQyUyMGluZWxlJTJDJTIwYmV0b24lMjAlQzglOTlpJTIwcHJvZHVzZSUyMGRpbiUyMGJldG9uJTIwY3UlMjBsaXZyYXJlJTIwJUMzJUFFbiUyMENoaSVDOCU5OWluJUM0JTgzdSUyMCVDOCU5OWklMjAlQzMlQUVuJTIwdG9hdCVDNCU4MyUyME1vbGRvdmElM0MlMkZoMSUzRSUwRCUwQSUwRCUwQSUyMCUyMCUzQ2gyJTIwc3R5bGUlM0QlMjJhbGlnbiUzQSUyMGNlbnRlciUyMiUzRUZhYnJpYyVDNCU4MyUyMGRlJTIwYmV0b24lMjAlQzMlQUVuJTIwQ2hpJUM4JTk5aW4lQzQlODN1JTIwLSUyMEJldG9uTWFzdGVyJTNDJTJGaDIlM0UlMEQlMEElMjAlMjAlM0NwJTNFJTBEJTBBJTIwJTIwJTIwJTIwQmV0b25tYXN0ZXIlMjBlc3RlJTIwbyUyMGZhYnJpYyVDNCU4MyUyMHNwZWNpYWxpemF0JUM0JTgzJTIwJUMzJUFFbiUyMHByb2R1YyVDOCU5QmlhJTIwJUM4JTk5aSUyMGxpdnJhcmVhJTIwZGUlMjBiZXRvbiUyMCVDMyVBRW4lMjBjbGFzZWxlJTIwQzglMkYxMCUyQyUyMEMxMiUyRjE1JTJDJTIwQzE2JTJGMjAlMkMlMjBDMjAlMkYyNSUyQyUyMEMyNSUyRjMwJTIwJUM4JTk5aSUyME0xNTAlRTIlODAlOTNNNDAwJTJDJTIwcHJlY3VtJTIwJUM4JTk5aSUyMGRlJTIwbWF0ZXJpYWxlJTIwZGluJTIwYmV0b24lMjBwZW50cnUlMjBjb25zdHJ1YyVDOCU5QmlpJTBEJTBBJTIwJTIwJTNDJTJGcCUzRSUwRCUwQSUwRCUwQSUyMCUyMCUzQ2gzJTNFRm9ydGFuJTIwJUM4JTk5aSUyMHByb2R1c2UlMjBkaW4lMjBiZXRvbiUyMHBlbnRydSUyMHByb2llY3RlJTIwZHVyYWJpbGUlM0MlMkZoMyUzRSUwRCUwQSUyMCUyMCUzQ3AlM0UlMEQlMEElMjAlMjAlMjAlMjBHYW1hJTIwbm9hc3RyJUM0JTgzJTIwaW5jbHVkZSUyMGJsb2N1cmklMjBkaW4lMjBiZXRvbiUyQyUyMGZvcnRhbiUyQyUyMGluZWxlJTIwcGVudHJ1JTIwZiVDMyVBMm50JUMzJUEybmklMkMlMjBjYXBhY2UlMkMlMjBmdW5kdXJpJTIwJUM4JTk5aSUyMGJvbCVDOCU5QmFyaSUyQyUyMHBvdHJpdml0ZSUyMHBlbnRydSUyMGZ1bmRhJUM4JTlCaWklMkMlMjBmb3NlJTIwc2VwdGljZSUyQyUyMGdhcmR1cmklMkMlMjB0cm90dWFyZSUyMCVDOCU5OWklMjBhbHRlJTIwbHVjciVDNCU4M3JpJTBEJTBBJTIwJTIwJTNDJTJGcCUzRSUwRCUwQSUwRCUwQSUyMCUyMCUzQ3AlM0UlMEQlMEElMjAlMjAlMjAlMjBBc2lndXIlQzQlODNtJTIwbGl2cmFyZSUyMHNpZ3VyJUM0JTgzJTIwJUMzJUFFbiUyMENoaSVDOCU5OWluJUM0JTgzdSUyMCVDOCU5OWklMjAlQzMlQUVuJTIwJUMzJUFFbnRyZWFnYSUyMCVDOCU5QmFyJUM0JTgzJTIwJUM4JTk5aSUyMGNvbGFib3IlQzQlODNtJTIwYXQlQzMlQTJ0JTIwY3UlMjBwZXJzb2FuZSUyMGZpemljZSUyQyUyMGMlQzMlQTJ0JTIwJUM4JTk5aSUyMGN1JTIwY29tcGFuaWklMjBkZSUyMGNvbnN0cnVjJUM4JTlCaWklMEQlMEElMjAlMjAlMjAlMjBBbGVnZSUyMEJldG9ubWFzdGVyJTIwcGVudHJ1JTIwY2FsaXRhdGUlMkMlMjBkdXJhYmlsaXRhdGUlMjAlQzglOTlpJTIwcHJvZmVzaW9uYWxpc20lMEQlMEElMjAlMjAlM0MlMkZwJTNFJTBEJTBBJTBEJTBBJTIwJTIwJTNDcCUzRSUwRCUwQSUyMCUyMCUyMCUyMFZlemklMjAlM0NhJTIwaHJlZiUzRCUyMiUyRnByb2R1c2UlMjIlMjB0aXRsZSUzRCUyMlByb2R1c2UlMjBkaW4lMjBiZXRvbiUyMiUzRXByb2R1c2VsZSUyMG5vYXN0cmUlMjBkaW4lMjBiZXRvbiUzQyUyRmElM0UlMjBzYXUlMjAlM0NhJTIwaHJlZiUzRCUyMiUyRmNvbnRhY3QlMjIlMjB0aXRsZSUzRCUyMkNvbnRhY3QlMjBCZXRvbm1hc3RlciUyMiUzRXNvbGljaXQlQzQlODMlMjBvJTIwb2ZlcnQlQzQlODMlMjBkZSUyMHByZSVDOCU5QiUzQyUyRmElM0UlMEQlMEElMjAlMjAlM0MlMkZwJTNFJTBEJTBBJTNDJTJGc2VjdGlvbiUzRSUwRCUwQQ==[\/vc_raw_html][\/vc_column][\/vc_row][vc_row full_width=&#8221;stretch_row_content_no_spaces&#8221; equal_height=&#8221;yes&#8221; content_placement=&#8221;middle&#8221; css=&#8221;.vc_custom_1534777245586{padding-top: 100px !important;padding-bottom: 100px !important;}&#8221; el_id=&#8221;services&#8221;][vc_column width=&#8221;1\/4&#8243; max_width=&#8221;325&#8243; css=&#8221;.vc_custom_1547559799490{border-left-width: 1px !important;padding-right: 20px !important;padding-left: 20px !important;border-left-color: #f1f1f1 !important;border-left-style: solid !important;}&#8221;][vc_single_image image=&#8221;1675&#8243; img_size=&#8221;full&#8221; css=&#8221;&#8221;][vcj_heading_simple content2=&#8221;MATERIALE DE CALITATE&#8221; alignment=&#8221;left&#8221; color_text=&#8221;#303030&#8243; weight=&#8221;900&#8243; italic=&#8221;&#8221; size=&#8221;s&#8221; animation_speed=&#8221;2&#8243; animation_delay=&#8221;0&#8243;][vcj_empty_space height=&#8221;15px&#8221;][vcj_text_block paragraph_whitespace=&#8221;1&#8243; text_size=&#8221;14px&#8221; text_color=&#8221;#8a8a8a&#8221;]Fortan, beton \u0219i produsele noastre din beton [&hellip;]<\/p>\n","protected":false},"author":1,"featured_media":0,"parent":0,"menu_order":0,"comment_status":"closed","ping_status":"open","template":"","meta":{"site-sidebar-layout":"no-sidebar","site-content-layout":"plain-container","ast-site-content-layout":"default","site-content-style":"default","site-sidebar-style":"default","ast-global-header-display":"","ast-banner-title-visibility":"","ast-main-header-display":"","ast-hfb-above-header-display":"","ast-hfb-below-header-display":"","ast-hfb-mobile-header-display":"","site-post-title":"","ast-breadcrumbs-content":"","ast-featured-img":"disabled","footer-sml-layout":"","ast-disable-related-posts":"","theme-transparent-header-meta":"","adv-header-id-meta":"","stick-header-meta":"","header-above-stick-meta":"","header-main-stick-meta":"","header-below-stick-meta":"","astra-migrate-meta-layouts":"default","ast-page-background-enabled":"default","ast-page-background-meta":{"desktop":{"background-color":"","background-image":"","background-repeat":"repeat","background-position":"center center","background-size":"auto","background-attachment":"scroll","background-type":"","background-media":"","overlay-type":"","overlay-color":"","overlay-opacity":"","overlay-gradient":""},"tablet":{"background-color":"","background-image":"","background-repeat":"repeat","background-position":"center center","background-size":"auto","background-attachment":"scroll","background-type":"","background-media":"","overlay-type":"","overlay-color":"","overlay-opacity":"","overlay-gradient":""},"mobile":{"background-color":"","background-image":"","background-repeat":"repeat","background-position":"center center","background-size":"auto","background-attachment":"scroll","background-type":"","background-media":"","overlay-type":"","overlay-color":"","overlay-opacity":"","overlay-gradient":""}},"ast-content-background-meta":{"desktop":{"background-color":"var(--ast-global-color-5)","background-image":"","background-repeat":"repeat","background-position":"center center","background-size":"auto","background-attachment":"scroll","background-type":"","background-media":"","overlay-type":"","overlay-color":"","overlay-opacity":"","overlay-gradient":""},"tablet":{"background-color":"var(--ast-global-color-5)","background-image":"","background-repeat":"repeat","background-position":"center center","background-size":"auto","background-attachment":"scroll","background-type":"","background-media":"","overlay-type":"","overlay-color":"","overlay-opacity":"","overlay-gradient":""},"mobile":{"background-color":"var(--ast-global-color-5)","background-image":"","background-repeat":"repeat","background-position":"center center","background-size":"auto","background-attachment":"scroll","background-type":"","background-media":"","overlay-type":"","overlay-color":"","overlay-opacity":"","overlay-gradient":""}},"footnotes":""},"class_list":["post-1496","page","type-page","status-publish","hentry"],"jetpack_sharing_enabled":true,"amp_enabled":true,"_links":{"self":[{"href":"https:\/\/betonmaster.md\/ru\/wp-json\/wp\/v2\/pages\/1496","targetHints":{"allow":["GET"]}}],"collection":[{"href":"https:\/\/betonmaster.md\/ru\/wp-json\/wp\/v2\/pages"}],"about":[{"href":"https:\/\/betonmaster.md\/ru\/wp-json\/wp\/v2\/types\/page"}],"author":[{"embeddable":true,"href":"https:\/\/betonmaster.md\/ru\/wp-json\/wp\/v2\/users\/1"}],"replies":[{"embeddable":true,"href":"https:\/\/betonmaster.md\/ru\/wp-json\/wp\/v2\/comments?post=1496"}],"version-history":[{"count":34,"href":"https:\/\/betonmaster.md\/ru\/wp-json\/wp\/v2\/pages\/1496\/revisions"}],"predecessor-version":[{"id":1878,"href":"https:\/\/betonmaster.md\/ru\/wp-json\/wp\/v2\/pages\/1496\/revisions\/1878"}],"wp:attachment":[{"href":"https:\/\/betonmaster.md\/ru\/wp-json\/wp\/v2\/media?parent=1496"}],"curies":[{"name":"wp","href":"https:\/\/api.w.org\/{rel}","templated":true}]}}